{"id":11497,"date":"2026-03-24T15:06:39","date_gmt":"2026-03-24T15:06:39","guid":{"rendered":"https:\/\/staging.1ace.eu\/?page_id=11497"},"modified":"2026-03-24T15:37:57","modified_gmt":"2026-03-24T15:37:57","slug":"datenschutz","status":"publish","type":"page","link":"http:\/\/staging.1ace.eu\/en\/datenschutz\/","title":{"rendered":"Data protection"},"content":{"rendered":"\t\t<div data-elementor-type=\"wp-page\" data-elementor-id=\"11497\" class=\"elementor elementor-11497\" data-elementor-post-type=\"page\">\n\t\t\t\t<div class=\"elementor-element elementor-element-da2dcc e-con-full e-flex pxl-row-scroll-none pxl-column-none pxl-full-content-with-space-none pxl-container-line-none pxl-container-video-background-none pxl-none overflow-visible elementor-invisible e-con e-parent \" data-id=\"da2dcc\" data-element_type=\"container\" data-e-type=\"container\" data-settings=\"{&quot;animation&quot;:&quot;fadeIn&quot;,&quot;background_background&quot;:&quot;classic&quot;}\"><div class=\"elementor-element elementor-element-757e1e00 e-con-full elementor-hidden-tablet_extra elementor-hidden-tablet elementor-hidden-mobile e-flex pxl-row-scroll-none pxl-column-none pxl-full-content-with-space-none pxl-container-line-none pxl-container-video-background-none pxl-none overflow-visible e-con e-child \" data-id=\"757e1e00\" data-element_type=\"container\" data-e-type=\"container\">\t\t<\/div>\r\n\t\t<div class=\"elementor-element elementor-element-4a73d248 e-con-full e-flex pxl-row-scroll-none pxl-column-none pxl-full-content-with-space-none pxl-container-line-none pxl-container-video-background-none pxl-none overflow-visible elementor-invisible e-con e-child \" data-id=\"4a73d248\" data-element_type=\"container\" data-e-type=\"container\" data-settings=\"{&quot;background_background&quot;:&quot;slideshow&quot;,&quot;background_slideshow_gallery&quot;:[{&quot;id&quot;:9931,&quot;url&quot;:&quot;https:\\\/\\\/staging.1ace.eu\\\/wp-content\\\/uploads\\\/2026\\\/03\\\/IMG_0947.jpg&quot;},{&quot;id&quot;:9930,&quot;url&quot;:&quot;https:\\\/\\\/staging.1ace.eu\\\/wp-content\\\/uploads\\\/2026\\\/03\\\/422df68e-49c3-4b77-b5ce-aeaf90086e86.jpg&quot;},{&quot;id&quot;:9932,&quot;url&quot;:&quot;https:\\\/\\\/staging.1ace.eu\\\/wp-content\\\/uploads\\\/2026\\\/03\\\/IMG_0966.jpg&quot;},{&quot;id&quot;:9933,&quot;url&quot;:&quot;https:\\\/\\\/staging.1ace.eu\\\/wp-content\\\/uploads\\\/2026\\\/03\\\/IMG_0967.jpg&quot;}],&quot;background_slideshow_slide_duration&quot;:4000,&quot;background_slideshow_transition_duration&quot;:1000,&quot;background_slideshow_lazyload&quot;:&quot;yes&quot;,&quot;background_slideshow_ken_burns&quot;:&quot;yes&quot;,&quot;animation&quot;:&quot;fadeIn&quot;,&quot;animation_delay&quot;:200,&quot;background_slideshow_loop&quot;:&quot;yes&quot;,&quot;background_slideshow_slide_transition&quot;:&quot;fade&quot;,&quot;background_slideshow_ken_burns_zoom_direction&quot;:&quot;in&quot;}\">\t\t<div class=\"elementor-element elementor-element-211b2e38 elementor-widget__width-auto elementor-hidden-tablet_extra elementor-hidden-tablet elementor-hidden-mobile pxl-none overflow-visible elementor-widget elementor-widget-pxl_logo\" data-id=\"211b2e38\" data-element_type=\"widget\" data-e-type=\"widget\" data-widget_type=\"pxl_logo.default\">\n\t\t\t\t<div class=\"elementor-widget-container\">\n\t\t\t\t\t    <div class=\"pxl-logo \" data-wow-delay=\"ms\">\r\n        <a href=\"https:\/\/staging.1ace.eu\/\">            <img fetchpriority=\"high\" decoding=\"async\" width=\"342\" height=\"211\" src=\"https:\/\/staging.1ace.eu\/wp-content\/uploads\/2026\/03\/cropped-SchlosswirtschaftLogo.png\" class=\"attachment-full\" alt=\"\" \/>        <\/a>    <\/div>\r\n\t\t\t\t<\/div>\n\t\t\t\t<\/div>\n\t\t<div class=\"elementor-element elementor-element-4c48ff56 e-flex e-con-boxed pxl-row-scroll-none pxl-column-none pxl-full-content-with-space-none pxl-container-line-none pxl-container-video-background-none pxl-none overflow-visible e-con e-child \" data-id=\"4c48ff56\" data-element_type=\"container\" data-e-type=\"container\">\t\t\t<div class=\"e-con-inner\">\r\n\t\t\t\t<div class=\"elementor-element elementor-element-79da7b54 pxl-none overflow-visible elementor-invisible elementor-widget elementor-widget-pxl_heading\" data-id=\"79da7b54\" data-element_type=\"widget\" data-e-type=\"widget\" data-settings=\"{&quot;_animation&quot;:&quot;fadeInRight&quot;,&quot;_animation_delay&quot;:500}\" data-widget_type=\"pxl_heading.default\">\n\t\t\t\t<div class=\"elementor-widget-container\">\n\t\t\t\t\t\n<div id=\"pxl-pxl_heading-79da7b54-3434\" class=\"pxl-heading   px-sub-title-default-style \">\n\t<div class=\"pxl-heading--inner\">\n\t\t\n\t\t<h3 class=\"pxl-item--title style-default color highlight-default \" data-wow-delay=\"ms\">\n\t\t\t\t\tDatenschutz\t\n\t\t\t\n\t\t<\/h3>\n\t\t\n\t<\/div>\n<\/div>\t\t\t\t<\/div>\n\t\t\t\t<\/div>\n\t\t\t\t<div class=\"elementor-element elementor-element-7979853 elementor-widget__width-auto elementor-hidden-desktop elementor-hidden-laptop elementor-hidden-tablet_extra elementor-hidden-tablet elementor-hidden-mobile pxl-none overflow-visible elementor-invisible elementor-widget elementor-widget-pxl_circle\" data-id=\"7979853\" data-element_type=\"widget\" data-e-type=\"widget\" data-settings=\"{&quot;_animation&quot;:&quot;zoomIn&quot;,&quot;_animation_delay&quot;:800}\" data-widget_type=\"pxl_circle.default\">\n\t\t\t\t<div class=\"elementor-widget-container\">\n\t\t\t\t\t<div class=\"pxl-circle \" data-wow-delay=\"ms\">\r\n    <div class=\"pxl-circle-inner\">\r\n                        <div class=\"pxl-item--title pxl--circle-type is-rotate\">\r\n\r\n            <svg viewBox=\"0 0 144.48 144.48\" width=\"200\" height=\"200\">\r\n                <path id=\"ct-banner-curve-pxl_circle-7979853-4819\" d=\"M242.93,123A71.74,71.74,0,1,1,171.2,51.22,71.73,71.73,0,0,1,242.93,123Z\" transform=\"translate(-98.96 -50.72)\"><\/path>\r\n                <text>\r\n                    <textPath href=\"#ct-banner-curve-pxl_circle-7979853-4819\">\r\n                        12\/A,NEW BOOSTON TOWER NEW YORK CITY,US -                    <\/textPath>\r\n                <\/text>\r\n            <\/svg>\r\n        <\/div>\r\n    <\/div>\r\n<\/div>\t\t\t\t<\/div>\n\t\t\t\t<\/div>\n\t\t\t\t\t<\/div>\r\n\t\t\t\t<\/div>\r\n\t\t\t\t<div class=\"elementor-element elementor-element-38d6d74a elementor-absolute elementor-hidden-tablet_extra elementor-hidden-tablet elementor-hidden-mobile pxl-none overflow-visible elementor-invisible elementor-widget elementor-widget-pxl_anchor\" data-id=\"38d6d74a\" data-element_type=\"widget\" data-e-type=\"widget\" data-settings=\"{&quot;_position&quot;:&quot;absolute&quot;,&quot;_animation&quot;:&quot;fadeInDown&quot;,&quot;_animation_delay&quot;:1100}\" data-widget_type=\"pxl_anchor.default\">\n\t\t\t\t<div class=\"elementor-widget-container\">\n\t\t\t\t\t<div class=\"pxl-anchor-wrap\">\r\n\t<div class=\"pxl-anchor-button pxl-cursor--cta style-1  \" data-target=\".pxl-hidden-template-9042\" data-delay-hover=\"\" data-wow-delay=\"ms\">\r\n\t\t\t<div class=\"pxl-anchor-divider\">\r\n\t\t\t<span class=\"pxl-icon-dot pxl-icon-dot1\"><\/span>\r\n\t\t\t<span class=\"pxl-icon-dot pxl-icon-dot2\"><\/span>\r\n\t\t\t<span class=\"pxl-icon-dot pxl-icon-dot3\"><\/span>\r\n\t\t<\/div>\r\n\t<\/div>\r\n\r\n<\/div>\t\t\t\t<\/div>\n\t\t\t\t<\/div>\n\t\t\t\t<\/div>\r\n\t\t\t\t<\/div>\r\n\t\t<div class=\"elementor-element elementor-element-5180103 e-flex e-con-boxed pxl-row-scroll-none pxl-column-none pxl-full-content-with-space-none pxl-container-line-none pxl-container-video-background-none pxl-none overflow-visible e-con e-parent \" data-id=\"5180103\" data-element_type=\"container\" data-e-type=\"container\">\t\t\t<div class=\"e-con-inner\">\r\n\t\t<div class=\"elementor-element elementor-element-86c8a5e e-con-full e-flex pxl-row-scroll-none pxl-column-none pxl-full-content-with-space-none pxl-container-line-none pxl-container-video-background-none pxl-none overflow-visible e-con e-child \" data-id=\"86c8a5e\" data-element_type=\"container\" data-e-type=\"container\">\t\t<div class=\"elementor-element elementor-element-d2f49ad pxl-none overflow-visible elementor-invisible elementor-widget elementor-widget-pxl_text_editor\" data-id=\"d2f49ad\" data-element_type=\"widget\" data-e-type=\"widget\" data-settings=\"{&quot;_animation&quot;:&quot;fadeInLeft&quot;,&quot;_animation_delay&quot;:200}\" data-widget_type=\"pxl_text_editor.default\">\n\t\t\t\t<div class=\"elementor-widget-container\">\n\t\t\t\t\t<div class=\"pxl-text-editor default \">\n\t<div class=\"pxl-item--inner  \" data-wow-delay=\"ms\">\n\t\t<p class=\"p2\"><i>Stand: M\u00e4rz 2026<\/i><\/p><p class=\"p1\"><strong>1. Verantwortlicher<\/strong><\/p><p class=\"p4\">Verantwortlicher im Sinne der Datenschutz-Grundverordnung (DSGVO) ist:<\/p><p class=\"p5\">Schlosswirtschaft Schlei\u00dfheim<br \/>Maximilianshof 2<br \/>85764 Oberschlei\u00dfheim<br \/>Deutschland<\/p><p class=\"p4\">Telefon: +49 89 60013695<br \/>E-Mail: info@schlosswirtschaft-schleissheim.de<br \/>Website: www.schlosswirtschaft-schleissheim.de<\/p><p class=\"p1\"><strong>2. Allgemeine Hinweise zur Datenverarbeitung<\/strong><\/p><p class=\"p4\">Wir nehmen den Schutz Ihrer pers\u00f6nlichen Daten sehr ernst. Wir behandeln Ihre personenbezogenen Daten vertraulich und entsprechend der gesetzlichen Datenschutzvorschriften sowie dieser Datenschutzerkl\u00e4rung. Die Nutzung unserer Website ist in der Regel ohne Angabe personenbezogener Daten m\u00f6glich. Soweit auf unseren Seiten personenbezogene Daten erhoben werden, erfolgt dies auf freiwilliger Basis.<\/p><p class=\"p1\"><strong>3. Hosting und Server-Logfiles<\/strong><\/p><p class=\"p6\">Unsere Website wird auf einem externen Server gehostet. Beim Besuch unserer Website werden automatisch folgende Daten erfasst und in sogenannten Server-Logfiles gespeichert:<\/p><ul class=\"ul1\"><li class=\"li7\">IP-Adresse des anfragenden Rechners<\/li><li class=\"li7\">Datum und Uhrzeit des Zugriffs<\/li><li class=\"li7\">Name und URL der abgerufenen Datei<\/li><li class=\"li7\">Browsertyp und Browserversion<\/li><li class=\"li7\">Betriebssystem<\/li><\/ul><p class=\"p7\">Rechtsgrundlage f\u00fcr die Verarbeitung ist Art. 6 Abs. 1 lit. f DSGVO (berechtigtes Interesse an der sicheren und st\u00f6rungsfreien Bereitstellung der Website).<\/p><p class=\"p1\"><strong>4. Cookies<\/strong><\/p><p class=\"p4\">Unsere Website verwendet Cookies. Dabei handelt es sich um kleine Textdateien, die Ihr Browser auf Ihrem Endger\u00e4t speichert. Einige Cookies sind technisch notwendig f\u00fcr den Betrieb der Website (z. B. Warenkorb-Funktion, Session-Cookies). Andere Cookies dienen der Analyse des Nutzerverhaltens.<\/p><p class=\"p4\">Sie k\u00f6nnen Ihren Browser so einstellen, dass Sie \u00fcber das Setzen von Cookies informiert werden und Cookies nur im Einzelfall erlauben, die Annahme von Cookies f\u00fcr bestimmte F\u00e4lle oder generell ausschlie\u00dfen sowie das automatische L\u00f6schen der Cookies beim Schlie\u00dfen des Browsers aktivieren.<\/p><p class=\"p1\"><strong>5. Online-Shop und Bestellungen (WooCommerce)<\/strong><\/p><p class=\"p6\">Unser Online-Shop wird mit WooCommerce betrieben, einem Plugin f\u00fcr das Content-Management-System WordPress. Wenn Sie \u00fcber unseren Shop Tickets oder Produkte erwerben, erheben wir folgende Daten:<\/p><ul class=\"ul1\"><li class=\"li7\">Vor- und Nachname<\/li><li class=\"li7\">Rechnungsadresse<\/li><li class=\"li7\">E-Mail-Adresse<\/li><li class=\"li7\">Telefonnummer (optional)<\/li><li class=\"li7\">Bestelldaten und Kaufhistorie<\/li><\/ul><p class=\"p7\">Diese Daten werden zur Abwicklung des Kaufvertrags und zur Zusendung der Bestellbest\u00e4tigung sowie des Tickets per E-Mail verwendet. Rechtsgrundlage ist Art. 6 Abs. 1 lit. b DSGVO (Vertragserf\u00fcllung).<\/p><p class=\"p7\">Ihre Bestelldaten werden f\u00fcr die Dauer der gesetzlichen Aufbewahrungsfristen (in der Regel 10 Jahre gem\u00e4\u00df \u00a7 147 AO) gespeichert.<\/p><p class=\"p10\"><strong>6. Zahlungsdienstleister<\/strong><\/p><p class=\"p11\"><strong>6.1 Stripe<\/strong><\/p><p class=\"p12\">F\u00fcr die Zahlungsabwicklung per Kredit- und Debitkarte nutzen wir den Dienst Stripe von Stripe, Inc., 510 Townsend Street, San Francisco, CA 94103, USA. Stripe verarbeitet Ihre Zahlungsdaten direkt und sicher. Wir selbst speichern keine vollst\u00e4ndigen Kreditkartendaten. Stripe ist nach dem PCI-DSS-Standard zertifiziert. Weitere Informationen finden Sie unter: https:\/\/stripe.com\/de\/privacy<\/p><p class=\"p11\"><strong>6.2 PayPal<\/strong><\/p><p class=\"p12\">F\u00fcr die Zahlungsabwicklung per PayPal nutzen wir die Dienste der PayPal (Europe) S.\u00e0.r.l. et Cie, S.C.A., 22-24 Boulevard Royal, L-2449 Luxembourg. Wenn Sie die Bezahlung per PayPal ausw\u00e4hlen, werden Sie auf die Seiten von PayPal weitergeleitet. Dort gelten die Datenschutzbestimmungen von PayPal: https:\/\/www.paypal.com\/de\/webapps\/mpp\/ua\/privacy-full<\/p><p class=\"p1\"><strong>7. Google Fonts<\/strong><\/p><p class=\"p4\">Diese Website nutzt zur einheitlichen Darstellung von Schriftarten sogenannte Google Fonts, die von Google LLC, 1600 Amphitheatre Parkway, Mountain View, CA 94043, USA bereitgestellt werden. Beim Aufruf einer Seite l\u00e4dt Ihr Browser die ben\u00f6tigten Fonts in ihren Browsercache, um Texte und Schriftarten korrekt anzuzeigen.<\/p><p class=\"p4\">Dabei wird Ihre IP-Adresse an Google \u00fcbermittelt. Die Nutzung von Google Fonts erfolgt im Interesse einer einheitlichen und ansprechenden Darstellung unserer Website (Art. 6 Abs. 1 lit. f DSGVO). Weitere Informationen: https:\/\/policies.google.com\/privacy<\/p><p class=\"p1\"><strong>8. Reservierungen \u00fcber OpenTable<\/strong><\/p><p class=\"p4\">F\u00fcr die Online-Reservierung nutzen wir den Dienst OpenTable von OpenTable, Inc., 1 Montgomery Street, Suite 700, San Francisco, CA 94104, USA. Wenn Sie \u00fcber das Reservierungsformular eine Tischreservierung vornehmen, werden Ihre Angaben (Name, E-Mail, Telefonnummer, Datum, Personenanzahl) an OpenTable \u00fcbermittelt.<\/p><p class=\"p4\">Rechtsgrundlage ist Art. 6 Abs. 1 lit. b DSGVO (Vertragserf\u00fcllung). Weitere Informationen finden Sie in der Datenschutzerkl\u00e4rung von OpenTable: https:\/\/www.opentable.de\/legal\/privacy-policy<\/p><p class=\"p1\"><strong>9. Ihre Rechte als betroffene Person<\/strong><\/p><p class=\"p6\">Sie haben gegen\u00fcber uns folgende Rechte hinsichtlich der Sie betreffenden personenbezogenen Daten:<\/p><ul class=\"ul1\"><li class=\"li7\">Recht auf Auskunft (Art. 15 DSGVO)<\/li><li class=\"li7\">Recht auf Berichtigung (Art. 16 DSGVO)<\/li><li class=\"li7\">Recht auf L\u00f6schung (Art. 17 DSGVO)<\/li><li class=\"li7\">Recht auf Einschr\u00e4nkung der Verarbeitung (Art. 18 DSGVO)<\/li><li class=\"li7\">Recht auf Daten\u00fcbertragbarkeit (Art. 20 DSGVO)<\/li><li class=\"li7\">Recht auf Widerspruch gegen die Verarbeitung (Art. 21 DSGVO)<\/li><\/ul><p class=\"p7\">Zur Aus\u00fcbung Ihrer Rechte wenden Sie sich bitte an: info@schlosswirtschaft-schleissheim.de<\/p><p class=\"p1\"><strong>10. Datensicherheit<\/strong><\/p><p class=\"p4\">Diese Seite nutzt aus Sicherheitsgr\u00fcnden und zum Schutz der \u00dcbertragung vertraulicher Inhalte eine SSL- bzw. TLS-Verschl\u00fcsselung. Eine verschl\u00fcsselte Verbindung erkennen Sie daran, dass die Adresszeile des Browsers von http:\/\/ auf https:\/\/ wechselt und an dem Schloss-Symbol in Ihrer Browserzeile.<\/p><p class=\"p1\"><strong>11. Aktualit\u00e4t und \u00c4nderung dieser Datenschutzerkl\u00e4rung<\/strong><\/p><p class=\"p4\">Diese Datenschutzerkl\u00e4rung ist aktuell g\u00fcltig und hat den Stand M\u00e4rz 2026. Durch die Weiterentwicklung unserer Website oder aufgrund ge\u00e4nderter gesetzlicher bzw. beh\u00f6rdlicher Vorgaben kann es notwendig werden, diese Datenschutzerkl\u00e4rung zu \u00e4ndern. Die jeweils aktuelle Datenschutzerkl\u00e4rung kann jederzeit auf dieser Seite abgerufen werden.<\/p>\t\t\n\t<\/div>\n<\/div>\t\t\t\t<\/div>\n\t\t\t\t<\/div>\n\t\t\t\t<\/div>\r\n\t\t\t\t\t<\/div>\r\n\t\t\t\t<\/div>\r\n\t\t\t\t<\/div>\n\t\t","protected":false},"excerpt":{"rendered":"<p>Datenschutz 12\/A,NEW BOOSTON TOWER NEW YORK CITY,US &#8211; Stand: M\u00e4rz 2026 1. Verantwortlicher Verantwortlicher im Sinne der Datenschutz-Grundverordnung (DSGVO) ist: Schlosswirtschaft Schlei\u00dfheimMaximilianshof 285764 Oberschlei\u00dfheimDeutschland Telefon: +49 89 60013695E-Mail: info@schlosswirtschaft-schleissheim.deWebsite: www.schlosswirtschaft-schleissheim.de 2. Allgemeine Hinweise zur Datenverarbeitung Wir nehmen den Schutz Ihrer pers\u00f6nlichen Daten sehr ernst. Wir behandeln Ihre personenbezogenen Daten vertraulich und entsprechend der gesetzlichen Datenschutzvorschriften [&hellip;]<\/p>\n","protected":false},"author":1,"featured_media":0,"parent":0,"menu_order":0,"comment_status":"closed","ping_status":"closed","template":"","meta":{"footnotes":""},"class_list":["post-11497","page","type-page","status-publish","hentry"],"yoast_head":"<!-- This site is optimized with the Yoast SEO plugin v27.2 - https:\/\/yoast.com\/product\/yoast-seo-wordpress\/ -->\n<title>Datenschutz - Schlosswirtschaft Schleissheim<\/title>\n<meta name=\"robots\" content=\"index, follow, max-snippet:-1, max-image-preview:large, max-video-preview:-1\" \/>\n<link rel=\"canonical\" href=\"https:\/\/staging.1ace.eu\/en\/datenschutz\/\" \/>\n<meta property=\"og:locale\" content=\"en_US\" \/>\n<meta property=\"og:type\" content=\"article\" \/>\n<meta property=\"og:title\" content=\"Datenschutz - Schlosswirtschaft Schleissheim\" \/>\n<meta property=\"og:description\" content=\"Datenschutz 12\/A,NEW BOOSTON TOWER NEW YORK CITY,US &#8211; Stand: M\u00e4rz 2026 1. Verantwortlicher Verantwortlicher im Sinne der Datenschutz-Grundverordnung (DSGVO) ist: Schlosswirtschaft Schlei\u00dfheimMaximilianshof 285764 Oberschlei\u00dfheimDeutschland Telefon: +49 89 60013695E-Mail: info@schlosswirtschaft-schleissheim.deWebsite: www.schlosswirtschaft-schleissheim.de 2. Allgemeine Hinweise zur Datenverarbeitung Wir nehmen den Schutz Ihrer pers\u00f6nlichen Daten sehr ernst. Wir behandeln Ihre personenbezogenen Daten vertraulich und entsprechend der gesetzlichen Datenschutzvorschriften [&hellip;]\" \/>\n<meta property=\"og:url\" content=\"https:\/\/staging.1ace.eu\/en\/datenschutz\/\" \/>\n<meta property=\"og:site_name\" content=\"Schlosswirtschaft Schleissheim\" \/>\n<meta property=\"article:modified_time\" content=\"2026-03-24T15:37:57+00:00\" \/>\n<meta property=\"og:image\" content=\"https:\/\/staging.1ace.eu\/wp-content\/uploads\/2026\/03\/cropped-SchlosswirtschaftLogo.png\" \/>\n<meta name=\"twitter:card\" content=\"summary_large_image\" \/>\n<meta name=\"twitter:label1\" content=\"Est. reading time\" \/>\n\t<meta name=\"twitter:data1\" content=\"4 minutes\" \/>\n<script type=\"application\/ld+json\" class=\"yoast-schema-graph\">{\"@context\":\"https:\/\/schema.org\",\"@graph\":[{\"@type\":\"WebPage\",\"@id\":\"https:\/\/staging.1ace.eu\/datenschutz\/\",\"url\":\"https:\/\/staging.1ace.eu\/datenschutz\/\",\"name\":\"Datenschutz - Schlosswirtschaft Schleissheim\",\"isPartOf\":{\"@id\":\"https:\/\/staging.1ace.eu\/#website\"},\"primaryImageOfPage\":{\"@id\":\"https:\/\/staging.1ace.eu\/datenschutz\/#primaryimage\"},\"image\":{\"@id\":\"https:\/\/staging.1ace.eu\/datenschutz\/#primaryimage\"},\"thumbnailUrl\":\"https:\/\/staging.1ace.eu\/wp-content\/uploads\/2026\/03\/cropped-SchlosswirtschaftLogo.png\",\"datePublished\":\"2026-03-24T15:06:39+00:00\",\"dateModified\":\"2026-03-24T15:37:57+00:00\",\"breadcrumb\":{\"@id\":\"https:\/\/staging.1ace.eu\/datenschutz\/#breadcrumb\"},\"inLanguage\":\"en-US\",\"potentialAction\":[{\"@type\":\"ReadAction\",\"target\":[\"https:\/\/staging.1ace.eu\/datenschutz\/\"]}]},{\"@type\":\"ImageObject\",\"inLanguage\":\"en-US\",\"@id\":\"https:\/\/staging.1ace.eu\/datenschutz\/#primaryimage\",\"url\":\"https:\/\/staging.1ace.eu\/wp-content\/uploads\/2026\/03\/cropped-SchlosswirtschaftLogo.png\",\"contentUrl\":\"https:\/\/staging.1ace.eu\/wp-content\/uploads\/2026\/03\/cropped-SchlosswirtschaftLogo.png\"},{\"@type\":\"BreadcrumbList\",\"@id\":\"https:\/\/staging.1ace.eu\/datenschutz\/#breadcrumb\",\"itemListElement\":[{\"@type\":\"ListItem\",\"position\":1,\"name\":\"Start\",\"item\":\"https:\/\/staging.1ace.eu\/\"},{\"@type\":\"ListItem\",\"position\":2,\"name\":\"Datenschutz\"}]},{\"@type\":\"WebSite\",\"@id\":\"https:\/\/staging.1ace.eu\/#website\",\"url\":\"https:\/\/staging.1ace.eu\/\",\"name\":\"Schlosswirtschaft Schleissheim\",\"description\":\"Seit 1901\",\"publisher\":{\"@id\":\"https:\/\/staging.1ace.eu\/#organization\"},\"potentialAction\":[{\"@type\":\"SearchAction\",\"target\":{\"@type\":\"EntryPoint\",\"urlTemplate\":\"https:\/\/staging.1ace.eu\/?s={search_term_string}\"},\"query-input\":{\"@type\":\"PropertyValueSpecification\",\"valueRequired\":true,\"valueName\":\"search_term_string\"}}],\"inLanguage\":\"en-US\"},{\"@type\":\"Organization\",\"@id\":\"https:\/\/staging.1ace.eu\/#organization\",\"name\":\"Schlosswirtschaft Schleissheim\",\"url\":\"https:\/\/staging.1ace.eu\/\",\"logo\":{\"@type\":\"ImageObject\",\"inLanguage\":\"en-US\",\"@id\":\"https:\/\/staging.1ace.eu\/#\/schema\/logo\/image\/\",\"url\":\"https:\/\/staging.1ace.eu\/wp-content\/uploads\/2026\/03\/cropped-SchlosswirtschaftLogo.png\",\"contentUrl\":\"https:\/\/staging.1ace.eu\/wp-content\/uploads\/2026\/03\/cropped-SchlosswirtschaftLogo.png\",\"width\":342,\"height\":211,\"caption\":\"Schlosswirtschaft Schleissheim\"},\"image\":{\"@id\":\"https:\/\/staging.1ace.eu\/#\/schema\/logo\/image\/\"}}]}<\/script>\n<!-- \/ Yoast SEO plugin. -->","yoast_head_json":{"title":"Datenschutz - Schlosswirtschaft Schleissheim","robots":{"index":"index","follow":"follow","max-snippet":"max-snippet:-1","max-image-preview":"max-image-preview:large","max-video-preview":"max-video-preview:-1"},"canonical":"https:\/\/staging.1ace.eu\/en\/datenschutz\/","og_locale":"en_US","og_type":"article","og_title":"Datenschutz - Schlosswirtschaft Schleissheim","og_description":"Datenschutz 12\/A,NEW BOOSTON TOWER NEW YORK CITY,US &#8211; Stand: M\u00e4rz 2026 1. Verantwortlicher Verantwortlicher im Sinne der Datenschutz-Grundverordnung (DSGVO) ist: Schlosswirtschaft Schlei\u00dfheimMaximilianshof 285764 Oberschlei\u00dfheimDeutschland Telefon: +49 89 60013695E-Mail: info@schlosswirtschaft-schleissheim.deWebsite: www.schlosswirtschaft-schleissheim.de 2. Allgemeine Hinweise zur Datenverarbeitung Wir nehmen den Schutz Ihrer pers\u00f6nlichen Daten sehr ernst. Wir behandeln Ihre personenbezogenen Daten vertraulich und entsprechend der gesetzlichen Datenschutzvorschriften [&hellip;]","og_url":"https:\/\/staging.1ace.eu\/en\/datenschutz\/","og_site_name":"Schlosswirtschaft Schleissheim","article_modified_time":"2026-03-24T15:37:57+00:00","og_image":[{"url":"https:\/\/staging.1ace.eu\/wp-content\/uploads\/2026\/03\/cropped-SchlosswirtschaftLogo.png","type":"","width":"","height":""}],"twitter_card":"summary_large_image","twitter_misc":{"Est. reading time":"4 minutes"},"schema":{"@context":"https:\/\/schema.org","@graph":[{"@type":"WebPage","@id":"https:\/\/staging.1ace.eu\/datenschutz\/","url":"https:\/\/staging.1ace.eu\/datenschutz\/","name":"Datenschutz - Schlosswirtschaft Schleissheim","isPartOf":{"@id":"https:\/\/staging.1ace.eu\/#website"},"primaryImageOfPage":{"@id":"https:\/\/staging.1ace.eu\/datenschutz\/#primaryimage"},"image":{"@id":"https:\/\/staging.1ace.eu\/datenschutz\/#primaryimage"},"thumbnailUrl":"https:\/\/staging.1ace.eu\/wp-content\/uploads\/2026\/03\/cropped-SchlosswirtschaftLogo.png","datePublished":"2026-03-24T15:06:39+00:00","dateModified":"2026-03-24T15:37:57+00:00","breadcrumb":{"@id":"https:\/\/staging.1ace.eu\/datenschutz\/#breadcrumb"},"inLanguage":"en-US","potentialAction":[{"@type":"ReadAction","target":["https:\/\/staging.1ace.eu\/datenschutz\/"]}]},{"@type":"ImageObject","inLanguage":"en-US","@id":"https:\/\/staging.1ace.eu\/datenschutz\/#primaryimage","url":"https:\/\/staging.1ace.eu\/wp-content\/uploads\/2026\/03\/cropped-SchlosswirtschaftLogo.png","contentUrl":"https:\/\/staging.1ace.eu\/wp-content\/uploads\/2026\/03\/cropped-SchlosswirtschaftLogo.png"},{"@type":"BreadcrumbList","@id":"https:\/\/staging.1ace.eu\/datenschutz\/#breadcrumb","itemListElement":[{"@type":"ListItem","position":1,"name":"Start","item":"https:\/\/staging.1ace.eu\/"},{"@type":"ListItem","position":2,"name":"Datenschutz"}]},{"@type":"WebSite","@id":"https:\/\/staging.1ace.eu\/#website","url":"https:\/\/staging.1ace.eu\/","name":"Schlosswirtschaft Schleissheim","description":"Seit 1901","publisher":{"@id":"https:\/\/staging.1ace.eu\/#organization"},"potentialAction":[{"@type":"SearchAction","target":{"@type":"EntryPoint","urlTemplate":"https:\/\/staging.1ace.eu\/?s={search_term_string}"},"query-input":{"@type":"PropertyValueSpecification","valueRequired":true,"valueName":"search_term_string"}}],"inLanguage":"en-US"},{"@type":"Organization","@id":"https:\/\/staging.1ace.eu\/#organization","name":"Schlosswirtschaft Schleissheim","url":"https:\/\/staging.1ace.eu\/","logo":{"@type":"ImageObject","inLanguage":"en-US","@id":"https:\/\/staging.1ace.eu\/#\/schema\/logo\/image\/","url":"https:\/\/staging.1ace.eu\/wp-content\/uploads\/2026\/03\/cropped-SchlosswirtschaftLogo.png","contentUrl":"https:\/\/staging.1ace.eu\/wp-content\/uploads\/2026\/03\/cropped-SchlosswirtschaftLogo.png","width":342,"height":211,"caption":"Schlosswirtschaft Schleissheim"},"image":{"@id":"https:\/\/staging.1ace.eu\/#\/schema\/logo\/image\/"}}]}},"jetpack_sharing_enabled":true,"_links":{"self":[{"href":"http:\/\/staging.1ace.eu\/en\/wp-json\/wp\/v2\/pages\/11497","targetHints":{"allow":["GET"]}}],"collection":[{"href":"http:\/\/staging.1ace.eu\/en\/wp-json\/wp\/v2\/pages"}],"about":[{"href":"http:\/\/staging.1ace.eu\/en\/wp-json\/wp\/v2\/types\/page"}],"author":[{"embeddable":true,"href":"http:\/\/staging.1ace.eu\/en\/wp-json\/wp\/v2\/users\/1"}],"replies":[{"embeddable":true,"href":"http:\/\/staging.1ace.eu\/en\/wp-json\/wp\/v2\/comments?post=11497"}],"version-history":[{"count":13,"href":"http:\/\/staging.1ace.eu\/en\/wp-json\/wp\/v2\/pages\/11497\/revisions"}],"predecessor-version":[{"id":11520,"href":"http:\/\/staging.1ace.eu\/en\/wp-json\/wp\/v2\/pages\/11497\/revisions\/11520"}],"wp:attachment":[{"href":"http:\/\/staging.1ace.eu\/en\/wp-json\/wp\/v2\/media?parent=11497"}],"curies":[{"name":"wp","href":"https:\/\/api.w.org\/{rel}","templated":true}]}}