{"id":11503,"date":"2026-03-24T15:09:45","date_gmt":"2026-03-24T15:09:45","guid":{"rendered":"https:\/\/staging.1ace.eu\/?page_id=11503"},"modified":"2026-03-24T15:36:30","modified_gmt":"2026-03-24T15:36:30","slug":"impressum","status":"publish","type":"page","link":"http:\/\/staging.1ace.eu\/en\/impressum\/","title":{"rendered":"Imprint"},"content":{"rendered":"\t\t<div data-elementor-type=\"wp-page\" data-elementor-id=\"11503\" class=\"elementor elementor-11503\" data-elementor-post-type=\"page\">\n\t\t\t\t<div class=\"elementor-element elementor-element-da2dcc e-con-full e-flex pxl-row-scroll-none pxl-column-none pxl-full-content-with-space-none pxl-container-line-none pxl-container-video-background-none pxl-none overflow-visible elementor-invisible e-con e-parent \" data-id=\"da2dcc\" data-element_type=\"container\" data-e-type=\"container\" data-settings=\"{&quot;animation&quot;:&quot;fadeIn&quot;,&quot;background_background&quot;:&quot;classic&quot;}\"><div class=\"elementor-element elementor-element-757e1e00 e-con-full elementor-hidden-tablet_extra elementor-hidden-tablet elementor-hidden-mobile e-flex pxl-row-scroll-none pxl-column-none pxl-full-content-with-space-none pxl-container-line-none pxl-container-video-background-none pxl-none overflow-visible e-con e-child \" data-id=\"757e1e00\" data-element_type=\"container\" data-e-type=\"container\">\t\t<\/div>\r\n\t\t<div class=\"elementor-element elementor-element-4a73d248 e-con-full e-flex pxl-row-scroll-none pxl-column-none pxl-full-content-with-space-none pxl-container-line-none pxl-container-video-background-none pxl-none overflow-visible elementor-invisible e-con e-child \" data-id=\"4a73d248\" data-element_type=\"container\" data-e-type=\"container\" data-settings=\"{&quot;background_background&quot;:&quot;slideshow&quot;,&quot;background_slideshow_gallery&quot;:[{&quot;id&quot;:9931,&quot;url&quot;:&quot;https:\\\/\\\/staging.1ace.eu\\\/wp-content\\\/uploads\\\/2026\\\/03\\\/IMG_0947.jpg&quot;},{&quot;id&quot;:9930,&quot;url&quot;:&quot;https:\\\/\\\/staging.1ace.eu\\\/wp-content\\\/uploads\\\/2026\\\/03\\\/422df68e-49c3-4b77-b5ce-aeaf90086e86.jpg&quot;},{&quot;id&quot;:9932,&quot;url&quot;:&quot;https:\\\/\\\/staging.1ace.eu\\\/wp-content\\\/uploads\\\/2026\\\/03\\\/IMG_0966.jpg&quot;},{&quot;id&quot;:9933,&quot;url&quot;:&quot;https:\\\/\\\/staging.1ace.eu\\\/wp-content\\\/uploads\\\/2026\\\/03\\\/IMG_0967.jpg&quot;}],&quot;background_slideshow_slide_duration&quot;:4000,&quot;background_slideshow_transition_duration&quot;:1000,&quot;background_slideshow_lazyload&quot;:&quot;yes&quot;,&quot;background_slideshow_ken_burns&quot;:&quot;yes&quot;,&quot;animation&quot;:&quot;fadeIn&quot;,&quot;animation_delay&quot;:200,&quot;background_slideshow_loop&quot;:&quot;yes&quot;,&quot;background_slideshow_slide_transition&quot;:&quot;fade&quot;,&quot;background_slideshow_ken_burns_zoom_direction&quot;:&quot;in&quot;}\">\t\t<div class=\"elementor-element elementor-element-211b2e38 elementor-widget__width-auto elementor-hidden-tablet_extra elementor-hidden-tablet elementor-hidden-mobile pxl-none overflow-visible elementor-widget elementor-widget-pxl_logo\" data-id=\"211b2e38\" data-element_type=\"widget\" data-e-type=\"widget\" data-widget_type=\"pxl_logo.default\">\n\t\t\t\t<div class=\"elementor-widget-container\">\n\t\t\t\t\t    <div class=\"pxl-logo \" data-wow-delay=\"ms\">\r\n        <a href=\"https:\/\/staging.1ace.eu\/\">            <img fetchpriority=\"high\" decoding=\"async\" width=\"342\" height=\"211\" src=\"https:\/\/staging.1ace.eu\/wp-content\/uploads\/2026\/03\/cropped-SchlosswirtschaftLogo.png\" class=\"attachment-full\" alt=\"\" \/>        <\/a>    <\/div>\r\n\t\t\t\t<\/div>\n\t\t\t\t<\/div>\n\t\t<div class=\"elementor-element elementor-element-4c48ff56 e-flex e-con-boxed pxl-row-scroll-none pxl-column-none pxl-full-content-with-space-none pxl-container-line-none pxl-container-video-background-none pxl-none overflow-visible e-con e-child \" data-id=\"4c48ff56\" data-element_type=\"container\" data-e-type=\"container\">\t\t\t<div class=\"e-con-inner\">\r\n\t\t\t\t<div class=\"elementor-element elementor-element-79da7b54 pxl-none overflow-visible elementor-invisible elementor-widget elementor-widget-pxl_heading\" data-id=\"79da7b54\" data-element_type=\"widget\" data-e-type=\"widget\" data-settings=\"{&quot;_animation&quot;:&quot;fadeInRight&quot;,&quot;_animation_delay&quot;:500}\" data-widget_type=\"pxl_heading.default\">\n\t\t\t\t<div class=\"elementor-widget-container\">\n\t\t\t\t\t\n<div id=\"pxl-pxl_heading-79da7b54-2622\" class=\"pxl-heading   px-sub-title-default-style \">\n\t<div class=\"pxl-heading--inner\">\n\t\t\n\t\t<h3 class=\"pxl-item--title style-default color highlight-default \" data-wow-delay=\"ms\">\n\t\t\t\t\tImpressum\t\n\t\t\t\n\t\t<\/h3>\n\t\t\n\t<\/div>\n<\/div>\t\t\t\t<\/div>\n\t\t\t\t<\/div>\n\t\t\t\t<div class=\"elementor-element elementor-element-7979853 elementor-widget__width-auto elementor-hidden-desktop elementor-hidden-laptop elementor-hidden-tablet_extra elementor-hidden-tablet elementor-hidden-mobile pxl-none overflow-visible elementor-invisible elementor-widget elementor-widget-pxl_circle\" data-id=\"7979853\" data-element_type=\"widget\" data-e-type=\"widget\" data-settings=\"{&quot;_animation&quot;:&quot;zoomIn&quot;,&quot;_animation_delay&quot;:800}\" data-widget_type=\"pxl_circle.default\">\n\t\t\t\t<div class=\"elementor-widget-container\">\n\t\t\t\t\t<div class=\"pxl-circle \" data-wow-delay=\"ms\">\r\n    <div class=\"pxl-circle-inner\">\r\n                        <div class=\"pxl-item--title pxl--circle-type is-rotate\">\r\n\r\n            <svg viewBox=\"0 0 144.48 144.48\" width=\"200\" height=\"200\">\r\n                <path id=\"ct-banner-curve-pxl_circle-7979853-7848\" d=\"M242.93,123A71.74,71.74,0,1,1,171.2,51.22,71.73,71.73,0,0,1,242.93,123Z\" transform=\"translate(-98.96 -50.72)\"><\/path>\r\n                <text>\r\n                    <textPath href=\"#ct-banner-curve-pxl_circle-7979853-7848\">\r\n                        12\/A,NEW BOOSTON TOWER NEW YORK CITY,US -                    <\/textPath>\r\n                <\/text>\r\n            <\/svg>\r\n        <\/div>\r\n    <\/div>\r\n<\/div>\t\t\t\t<\/div>\n\t\t\t\t<\/div>\n\t\t\t\t\t<\/div>\r\n\t\t\t\t<\/div>\r\n\t\t\t\t<div class=\"elementor-element elementor-element-38d6d74a elementor-absolute elementor-hidden-tablet_extra elementor-hidden-tablet elementor-hidden-mobile pxl-none overflow-visible elementor-invisible elementor-widget elementor-widget-pxl_anchor\" data-id=\"38d6d74a\" data-element_type=\"widget\" data-e-type=\"widget\" data-settings=\"{&quot;_position&quot;:&quot;absolute&quot;,&quot;_animation&quot;:&quot;fadeInDown&quot;,&quot;_animation_delay&quot;:1100}\" data-widget_type=\"pxl_anchor.default\">\n\t\t\t\t<div class=\"elementor-widget-container\">\n\t\t\t\t\t<div class=\"pxl-anchor-wrap\">\r\n\t<div class=\"pxl-anchor-button pxl-cursor--cta style-1  \" data-target=\".pxl-hidden-template-9042\" data-delay-hover=\"\" data-wow-delay=\"ms\">\r\n\t\t\t<div class=\"pxl-anchor-divider\">\r\n\t\t\t<span class=\"pxl-icon-dot pxl-icon-dot1\"><\/span>\r\n\t\t\t<span class=\"pxl-icon-dot pxl-icon-dot2\"><\/span>\r\n\t\t\t<span class=\"pxl-icon-dot pxl-icon-dot3\"><\/span>\r\n\t\t<\/div>\r\n\t<\/div>\r\n\r\n<\/div>\t\t\t\t<\/div>\n\t\t\t\t<\/div>\n\t\t\t\t<\/div>\r\n\t\t\t\t<\/div>\r\n\t\t<div class=\"elementor-element elementor-element-5180103 e-flex e-con-boxed pxl-row-scroll-none pxl-column-none pxl-full-content-with-space-none pxl-container-line-none pxl-container-video-background-none pxl-none overflow-visible e-con e-parent \" data-id=\"5180103\" data-element_type=\"container\" data-e-type=\"container\">\t\t\t<div class=\"e-con-inner\">\r\n\t\t<div class=\"elementor-element elementor-element-86c8a5e e-con-full e-flex pxl-row-scroll-none pxl-column-none pxl-full-content-with-space-none pxl-container-line-none pxl-container-video-background-none pxl-none overflow-visible e-con e-child \" data-id=\"86c8a5e\" data-element_type=\"container\" data-e-type=\"container\">\t\t<div class=\"elementor-element elementor-element-d2f49ad pxl-none overflow-visible elementor-invisible elementor-widget elementor-widget-pxl_text_editor\" data-id=\"d2f49ad\" data-element_type=\"widget\" data-e-type=\"widget\" data-settings=\"{&quot;_animation&quot;:&quot;fadeInLeft&quot;,&quot;_animation_delay&quot;:200}\" data-widget_type=\"pxl_text_editor.default\">\n\t\t\t\t<div class=\"elementor-widget-container\">\n\t\t\t\t\t<div class=\"pxl-text-editor default \">\n\t<div class=\"pxl-item--inner  \" data-wow-delay=\"ms\">\n\t\t<p data-start=\"82\" data-end=\"103\"><strong>Angaben gem\u00e4\u00df \u00a7 5 TMG<\/strong><\/p><p data-start=\"105\" data-end=\"193\">MaGast GmbH<br data-start=\"116\" data-end=\"119\" \/>Schlosswirtschaft Schlei\u00dfheim<br data-start=\"148\" data-end=\"151\" \/>Maximilianshof 2<br data-start=\"167\" data-end=\"170\" \/>85764 Oberschlei\u00dfheim<\/p><p data-start=\"195\" data-end=\"249\">Vertreten durch:<br data-start=\"211\" data-end=\"214\" \/>Gesch\u00e4ftsf\u00fchrer Markus Gastberger<\/p><p data-start=\"256\" data-end=\"263\"><strong>Kontakt<\/strong><\/p><p data-start=\"265\" data-end=\"340\">Telefon: +49 89 60013695<br data-start=\"289\" data-end=\"292\" \/>E-Mail: <a class=\"decorated-link cursor-pointer\" rel=\"noopener\" data-start=\"300\" data-end=\"338\">info@schlosswirtschaft-schleissheim.de<\/a><\/p><p data-start=\"347\" data-end=\"362\"><strong>Registereintrag<\/strong><\/p><p data-start=\"364\" data-end=\"466\">Eintragung im Handelsregister<br data-start=\"393\" data-end=\"396\" \/>Registergericht: [hier eintragen]<br data-start=\"429\" data-end=\"432\" \/>Registernummer: [hier eintragen]<\/p><p data-start=\"548\" data-end=\"563\">Umsatzsteuer-ID: DE361930361<br \/>Steuernummer: 143\/158\/91893<\/p><p data-start=\"686\" data-end=\"737\">Verantwortlich f\u00fcr den Inhalt nach \u00a7 18 Abs. 2 MStV<\/p><p data-start=\"739\" data-end=\"801\">Markus Gastberger<br data-start=\"756\" data-end=\"759\" \/>Maximilianshof 2<br data-start=\"775\" data-end=\"778\" \/>85764 Oberschlei\u00dfheim<\/p><p data-start=\"808\" data-end=\"828\"><strong>EU-Streitschlichtung<\/strong><\/p><p data-start=\"830\" data-end=\"958\">Die Europ\u00e4ische Kommission stellt eine Plattform zur Online-Streitbeilegung (OS) bereit:<br data-start=\"918\" data-end=\"921\" \/><a class=\"decorated-link cursor-pointer\" target=\"_new\" rel=\"noopener\" data-start=\"921\" data-end=\"956\">https:\/\/ec.europa.eu\/consumers\/odr\/<\/a><\/p><p data-start=\"960\" data-end=\"1099\">Die MaGast GmbH ist nicht verpflichtet und nicht bereit, an Streitbeilegungsverfahren vor einer Verbraucherschlichtungsstelle teilzunehmen.<\/p><p data-start=\"1106\" data-end=\"1125\"><strong>Haftung f\u00fcr Inhalte<\/strong><\/p><p data-start=\"1127\" data-end=\"1286\">Die Inhalte dieser Webseite wurden mit gr\u00f6\u00dfter Sorgfalt erstellt. F\u00fcr die Richtigkeit, Vollst\u00e4ndigkeit und Aktualit\u00e4t der Inhalte wird keine Gew\u00e4hr \u00fcbernommen.<\/p><p data-start=\"1293\" data-end=\"1310\"><strong>Haftung f\u00fcr Links<\/strong><\/p><p data-start=\"1312\" data-end=\"1468\">Diese Webseite enth\u00e4lt Links zu externen Webseiten Dritter, auf deren Inhalte kein Einfluss besteht. F\u00fcr diese fremden Inhalte wird keine Gew\u00e4hr \u00fcbernommen.<\/p><p data-start=\"1475\" data-end=\"1487\"><strong>Urheberrecht<\/strong><\/p><p data-start=\"1489\" data-end=\"1603\">Die durch die MaGast GmbH erstellten Inhalte und Werke auf dieser Webseite unterliegen dem deutschen Urheberrecht.<\/p>\t\t\n\t<\/div>\n<\/div>\t\t\t\t<\/div>\n\t\t\t\t<\/div>\n\t\t\t\t<\/div>\r\n\t\t\t\t\t<\/div>\r\n\t\t\t\t<\/div>\r\n\t\t\t\t<\/div>\n\t\t","protected":false},"excerpt":{"rendered":"<p>Impressum 12\/A,NEW BOOSTON TOWER NEW YORK CITY,US &#8211; Angaben gem\u00e4\u00df \u00a7 5 TMG MaGast GmbHSchlosswirtschaft Schlei\u00dfheimMaximilianshof 285764 Oberschlei\u00dfheim Vertreten durch:Gesch\u00e4ftsf\u00fchrer Markus Gastberger Kontakt Telefon: +49 89 60013695E-Mail: info@schlosswirtschaft-schleissheim.de Registereintrag Eintragung im HandelsregisterRegistergericht: [hier eintragen]Registernummer: [hier eintragen] Umsatzsteuer-ID: DE361930361Steuernummer: 143\/158\/91893 Verantwortlich f\u00fcr den Inhalt nach \u00a7 18 Abs. 2 MStV Markus GastbergerMaximilianshof 285764 Oberschlei\u00dfheim EU-Streitschlichtung Die [&hellip;]<\/p>\n","protected":false},"author":1,"featured_media":0,"parent":0,"menu_order":0,"comment_status":"closed","ping_status":"closed","template":"","meta":{"footnotes":""},"class_list":["post-11503","page","type-page","status-publish","hentry"],"yoast_head":"<!-- This site is optimized with the Yoast SEO plugin v27.2 - https:\/\/yoast.com\/product\/yoast-seo-wordpress\/ -->\n<title>Impressum - Schlosswirtschaft Schleissheim<\/title>\n<meta name=\"robots\" content=\"index, follow, max-snippet:-1, max-image-preview:large, max-video-preview:-1\" \/>\n<link rel=\"canonical\" href=\"https:\/\/staging.1ace.eu\/en\/impressum\/\" \/>\n<meta property=\"og:locale\" content=\"en_US\" \/>\n<meta property=\"og:type\" content=\"article\" \/>\n<meta property=\"og:title\" content=\"Impressum - Schlosswirtschaft Schleissheim\" \/>\n<meta property=\"og:description\" content=\"Impressum 12\/A,NEW BOOSTON TOWER NEW YORK CITY,US &#8211; Angaben gem\u00e4\u00df \u00a7 5 TMG MaGast GmbHSchlosswirtschaft Schlei\u00dfheimMaximilianshof 285764 Oberschlei\u00dfheim Vertreten durch:Gesch\u00e4ftsf\u00fchrer Markus Gastberger Kontakt Telefon: +49 89 60013695E-Mail: info@schlosswirtschaft-schleissheim.de Registereintrag Eintragung im HandelsregisterRegistergericht: [hier eintragen]Registernummer: [hier eintragen] Umsatzsteuer-ID: DE361930361Steuernummer: 143\/158\/91893 Verantwortlich f\u00fcr den Inhalt nach \u00a7 18 Abs. 2 MStV Markus GastbergerMaximilianshof 285764 Oberschlei\u00dfheim EU-Streitschlichtung Die [&hellip;]\" \/>\n<meta property=\"og:url\" content=\"https:\/\/staging.1ace.eu\/en\/impressum\/\" \/>\n<meta property=\"og:site_name\" content=\"Schlosswirtschaft Schleissheim\" \/>\n<meta property=\"article:modified_time\" content=\"2026-03-24T15:36:30+00:00\" \/>\n<meta property=\"og:image\" content=\"https:\/\/staging.1ace.eu\/wp-content\/uploads\/2026\/03\/cropped-SchlosswirtschaftLogo.png\" \/>\n<meta name=\"twitter:card\" content=\"summary_large_image\" \/>\n<meta name=\"twitter:label1\" content=\"Est. reading time\" \/>\n\t<meta name=\"twitter:data1\" content=\"1 minute\" \/>\n<script type=\"application\/ld+json\" class=\"yoast-schema-graph\">{\"@context\":\"https:\/\/schema.org\",\"@graph\":[{\"@type\":\"WebPage\",\"@id\":\"https:\/\/staging.1ace.eu\/impressum\/\",\"url\":\"https:\/\/staging.1ace.eu\/impressum\/\",\"name\":\"Impressum - Schlosswirtschaft Schleissheim\",\"isPartOf\":{\"@id\":\"https:\/\/staging.1ace.eu\/#website\"},\"primaryImageOfPage\":{\"@id\":\"https:\/\/staging.1ace.eu\/impressum\/#primaryimage\"},\"image\":{\"@id\":\"https:\/\/staging.1ace.eu\/impressum\/#primaryimage\"},\"thumbnailUrl\":\"https:\/\/staging.1ace.eu\/wp-content\/uploads\/2026\/03\/cropped-SchlosswirtschaftLogo.png\",\"datePublished\":\"2026-03-24T15:09:45+00:00\",\"dateModified\":\"2026-03-24T15:36:30+00:00\",\"breadcrumb\":{\"@id\":\"https:\/\/staging.1ace.eu\/impressum\/#breadcrumb\"},\"inLanguage\":\"en-US\",\"potentialAction\":[{\"@type\":\"ReadAction\",\"target\":[\"https:\/\/staging.1ace.eu\/impressum\/\"]}]},{\"@type\":\"ImageObject\",\"inLanguage\":\"en-US\",\"@id\":\"https:\/\/staging.1ace.eu\/impressum\/#primaryimage\",\"url\":\"https:\/\/staging.1ace.eu\/wp-content\/uploads\/2026\/03\/cropped-SchlosswirtschaftLogo.png\",\"contentUrl\":\"https:\/\/staging.1ace.eu\/wp-content\/uploads\/2026\/03\/cropped-SchlosswirtschaftLogo.png\"},{\"@type\":\"BreadcrumbList\",\"@id\":\"https:\/\/staging.1ace.eu\/impressum\/#breadcrumb\",\"itemListElement\":[{\"@type\":\"ListItem\",\"position\":1,\"name\":\"Start\",\"item\":\"https:\/\/staging.1ace.eu\/\"},{\"@type\":\"ListItem\",\"position\":2,\"name\":\"Impressum\"}]},{\"@type\":\"WebSite\",\"@id\":\"https:\/\/staging.1ace.eu\/#website\",\"url\":\"https:\/\/staging.1ace.eu\/\",\"name\":\"Schlosswirtschaft Schleissheim\",\"description\":\"Seit 1901\",\"publisher\":{\"@id\":\"https:\/\/staging.1ace.eu\/#organization\"},\"potentialAction\":[{\"@type\":\"SearchAction\",\"target\":{\"@type\":\"EntryPoint\",\"urlTemplate\":\"https:\/\/staging.1ace.eu\/?s={search_term_string}\"},\"query-input\":{\"@type\":\"PropertyValueSpecification\",\"valueRequired\":true,\"valueName\":\"search_term_string\"}}],\"inLanguage\":\"en-US\"},{\"@type\":\"Organization\",\"@id\":\"https:\/\/staging.1ace.eu\/#organization\",\"name\":\"Schlosswirtschaft Schleissheim\",\"url\":\"https:\/\/staging.1ace.eu\/\",\"logo\":{\"@type\":\"ImageObject\",\"inLanguage\":\"en-US\",\"@id\":\"https:\/\/staging.1ace.eu\/#\/schema\/logo\/image\/\",\"url\":\"https:\/\/staging.1ace.eu\/wp-content\/uploads\/2026\/03\/cropped-SchlosswirtschaftLogo.png\",\"contentUrl\":\"https:\/\/staging.1ace.eu\/wp-content\/uploads\/2026\/03\/cropped-SchlosswirtschaftLogo.png\",\"width\":342,\"height\":211,\"caption\":\"Schlosswirtschaft Schleissheim\"},\"image\":{\"@id\":\"https:\/\/staging.1ace.eu\/#\/schema\/logo\/image\/\"}}]}<\/script>\n<!-- \/ Yoast SEO plugin. -->","yoast_head_json":{"title":"Impressum - Schlosswirtschaft Schleissheim","robots":{"index":"index","follow":"follow","max-snippet":"max-snippet:-1","max-image-preview":"max-image-preview:large","max-video-preview":"max-video-preview:-1"},"canonical":"https:\/\/staging.1ace.eu\/en\/impressum\/","og_locale":"en_US","og_type":"article","og_title":"Impressum - Schlosswirtschaft Schleissheim","og_description":"Impressum 12\/A,NEW BOOSTON TOWER NEW YORK CITY,US &#8211; Angaben gem\u00e4\u00df \u00a7 5 TMG MaGast GmbHSchlosswirtschaft Schlei\u00dfheimMaximilianshof 285764 Oberschlei\u00dfheim Vertreten durch:Gesch\u00e4ftsf\u00fchrer Markus Gastberger Kontakt Telefon: +49 89 60013695E-Mail: info@schlosswirtschaft-schleissheim.de Registereintrag Eintragung im HandelsregisterRegistergericht: [hier eintragen]Registernummer: [hier eintragen] Umsatzsteuer-ID: DE361930361Steuernummer: 143\/158\/91893 Verantwortlich f\u00fcr den Inhalt nach \u00a7 18 Abs. 2 MStV Markus GastbergerMaximilianshof 285764 Oberschlei\u00dfheim EU-Streitschlichtung Die [&hellip;]","og_url":"https:\/\/staging.1ace.eu\/en\/impressum\/","og_site_name":"Schlosswirtschaft Schleissheim","article_modified_time":"2026-03-24T15:36:30+00:00","og_image":[{"url":"https:\/\/staging.1ace.eu\/wp-content\/uploads\/2026\/03\/cropped-SchlosswirtschaftLogo.png","type":"","width":"","height":""}],"twitter_card":"summary_large_image","twitter_misc":{"Est. reading time":"1 minute"},"schema":{"@context":"https:\/\/schema.org","@graph":[{"@type":"WebPage","@id":"https:\/\/staging.1ace.eu\/impressum\/","url":"https:\/\/staging.1ace.eu\/impressum\/","name":"Impressum - Schlosswirtschaft Schleissheim","isPartOf":{"@id":"https:\/\/staging.1ace.eu\/#website"},"primaryImageOfPage":{"@id":"https:\/\/staging.1ace.eu\/impressum\/#primaryimage"},"image":{"@id":"https:\/\/staging.1ace.eu\/impressum\/#primaryimage"},"thumbnailUrl":"https:\/\/staging.1ace.eu\/wp-content\/uploads\/2026\/03\/cropped-SchlosswirtschaftLogo.png","datePublished":"2026-03-24T15:09:45+00:00","dateModified":"2026-03-24T15:36:30+00:00","breadcrumb":{"@id":"https:\/\/staging.1ace.eu\/impressum\/#breadcrumb"},"inLanguage":"en-US","potentialAction":[{"@type":"ReadAction","target":["https:\/\/staging.1ace.eu\/impressum\/"]}]},{"@type":"ImageObject","inLanguage":"en-US","@id":"https:\/\/staging.1ace.eu\/impressum\/#primaryimage","url":"https:\/\/staging.1ace.eu\/wp-content\/uploads\/2026\/03\/cropped-SchlosswirtschaftLogo.png","contentUrl":"https:\/\/staging.1ace.eu\/wp-content\/uploads\/2026\/03\/cropped-SchlosswirtschaftLogo.png"},{"@type":"BreadcrumbList","@id":"https:\/\/staging.1ace.eu\/impressum\/#breadcrumb","itemListElement":[{"@type":"ListItem","position":1,"name":"Start","item":"https:\/\/staging.1ace.eu\/"},{"@type":"ListItem","position":2,"name":"Impressum"}]},{"@type":"WebSite","@id":"https:\/\/staging.1ace.eu\/#website","url":"https:\/\/staging.1ace.eu\/","name":"Schlosswirtschaft Schleissheim","description":"Seit 1901","publisher":{"@id":"https:\/\/staging.1ace.eu\/#organization"},"potentialAction":[{"@type":"SearchAction","target":{"@type":"EntryPoint","urlTemplate":"https:\/\/staging.1ace.eu\/?s={search_term_string}"},"query-input":{"@type":"PropertyValueSpecification","valueRequired":true,"valueName":"search_term_string"}}],"inLanguage":"en-US"},{"@type":"Organization","@id":"https:\/\/staging.1ace.eu\/#organization","name":"Schlosswirtschaft Schleissheim","url":"https:\/\/staging.1ace.eu\/","logo":{"@type":"ImageObject","inLanguage":"en-US","@id":"https:\/\/staging.1ace.eu\/#\/schema\/logo\/image\/","url":"https:\/\/staging.1ace.eu\/wp-content\/uploads\/2026\/03\/cropped-SchlosswirtschaftLogo.png","contentUrl":"https:\/\/staging.1ace.eu\/wp-content\/uploads\/2026\/03\/cropped-SchlosswirtschaftLogo.png","width":342,"height":211,"caption":"Schlosswirtschaft Schleissheim"},"image":{"@id":"https:\/\/staging.1ace.eu\/#\/schema\/logo\/image\/"}}]}},"jetpack_sharing_enabled":true,"_links":{"self":[{"href":"http:\/\/staging.1ace.eu\/en\/wp-json\/wp\/v2\/pages\/11503","targetHints":{"allow":["GET"]}}],"collection":[{"href":"http:\/\/staging.1ace.eu\/en\/wp-json\/wp\/v2\/pages"}],"about":[{"href":"http:\/\/staging.1ace.eu\/en\/wp-json\/wp\/v2\/types\/page"}],"author":[{"embeddable":true,"href":"http:\/\/staging.1ace.eu\/en\/wp-json\/wp\/v2\/users\/1"}],"replies":[{"embeddable":true,"href":"http:\/\/staging.1ace.eu\/en\/wp-json\/wp\/v2\/comments?post=11503"}],"version-history":[{"count":4,"href":"http:\/\/staging.1ace.eu\/en\/wp-json\/wp\/v2\/pages\/11503\/revisions"}],"predecessor-version":[{"id":11517,"href":"http:\/\/staging.1ace.eu\/en\/wp-json\/wp\/v2\/pages\/11503\/revisions\/11517"}],"wp:attachment":[{"href":"http:\/\/staging.1ace.eu\/en\/wp-json\/wp\/v2\/media?parent=11503"}],"curies":[{"name":"wp","href":"https:\/\/api.w.org\/{rel}","templated":true}]}}