{"id":10396,"date":"2026-03-09T17:23:34","date_gmt":"2026-03-09T17:23:34","guid":{"rendered":"https:\/\/staging.1ace.eu\/?post_type=product&#038;p=10396"},"modified":"2026-03-18T21:25:39","modified_gmt":"2026-03-18T21:25:39","slug":"osterbrunch","status":"publish","type":"product","link":"https:\/\/staging.1ace.eu\/en\/product\/osterbrunch\/","title":{"rendered":"Easter brunch on 06.04.26"},"content":{"rendered":"<p data-start=\"1064\" data-end=\"1108\"><strong data-start=\"1064\" data-end=\"1108\">Ostern genie\u00dfen in der Schlosswirtschaft<\/strong><\/p>\n<p data-start=\"1110\" data-end=\"1317\">Feiern Sie Ostern mit einem genussvollen Brunch in der Schlosswirtschaft Schlei\u00dfheim. Freuen Sie sich auf eine vielf\u00e4ltige Auswahl aus Fr\u00fchst\u00fccksspezialit\u00e4ten, warmen Gerichten und saisonalen K\u00f6stlichkeiten.<\/p>\n<p data-start=\"1319\" data-end=\"1572\">Unser Osterbrunch vereint klassische Fr\u00fchst\u00fccksangebote mit feinen Speisen aus der K\u00fcche der Schlosswirtschaft. Frische Zutaten, liebevoll zubereitete Gerichte und eine entspannte Atmosph\u00e4re schaffen den perfekten Rahmen f\u00fcr einen genussvollen Feiertag.<\/p>\n<p data-start=\"1574\" data-end=\"1733\">Ob mit Familie, Freunden oder G\u00e4sten \u2013 der Osterbrunch ist der ideale Anlass, gemeinsam Zeit zu verbringen und den Feiertag in besonderer Umgebung zu genie\u00dfen.<\/p>\n<p data-start=\"1735\" data-end=\"1749\"><strong data-start=\"1735\" data-end=\"1749\">Leistungen<\/strong><\/p>\n<p data-start=\"1751\" data-end=\"1894\">\u2022 Gro\u00dfz\u00fcgiges Brunch-Buffet<br data-start=\"1778\" data-end=\"1781\" \/>\u2022 Fr\u00fchst\u00fccks- und Mittagsgerichte<br data-start=\"1814\" data-end=\"1817\" \/>\u2022 S\u00fc\u00dfe und herzhafte Spezialit\u00e4ten<br data-start=\"1851\" data-end=\"1854\" \/>\u2022 Osterstimmung in der Schlosswirtschaft<\/p>","protected":false},"excerpt":{"rendered":"<p>Ostern genie\u00dfen in der Schlosswirtschaft Feiern Sie Ostern mit einem genussvollen Brunch in der Schlosswirtschaft Schlei\u00dfheim. Freuen Sie sich auf eine vielf\u00e4ltige Auswahl aus Fr\u00fchst\u00fccksspezialit\u00e4ten, warmen Gerichten und saisonalen K\u00f6stlichkeiten. Unser Osterbrunch vereint klassische Fr\u00fchst\u00fccksangebote mit feinen Speisen aus der K\u00fcche der Schlosswirtschaft. Frische Zutaten, liebevoll zubereitete Gerichte und eine entspannte Atmosph\u00e4re schaffen den perfekten [&hellip;]<\/p>\n","protected":false},"featured_media":10769,"template":"","meta":[],"product_brand":[],"product_cat":[29],"product_tag":[],"class_list":{"0":"post-10396","1":"product","2":"type-product","3":"status-publish","4":"has-post-thumbnail","6":"product_cat-unkategorisiert","8":"first","9":"instock","10":"downloadable","11":"virtual","12":"taxable","13":"purchasable","14":"product-type-simple"},"yoast_head":"<!-- This site is optimized with the Yoast SEO plugin v27.2 - https:\/\/yoast.com\/product\/yoast-seo-wordpress\/ -->\n<title>Osterbrunch am 06.04.26 - Schlosswirtschaft Schleissheim<\/title>\n<meta name=\"robots\" content=\"index, follow, max-snippet:-1, max-image-preview:large, max-video-preview:-1\" \/>\n<link rel=\"canonical\" href=\"https:\/\/staging.1ace.eu\/en\/product\/osterbrunch\/\" \/>\n<meta property=\"og:locale\" content=\"en_US\" \/>\n<meta property=\"og:type\" content=\"article\" \/>\n<meta property=\"og:title\" content=\"Osterbrunch am 06.04.26 - Schlosswirtschaft Schleissheim\" \/>\n<meta property=\"og:description\" content=\"Ostern genie\u00dfen in der Schlosswirtschaft Feiern Sie Ostern mit einem genussvollen Brunch in der Schlosswirtschaft Schlei\u00dfheim. Freuen Sie sich auf eine vielf\u00e4ltige Auswahl aus Fr\u00fchst\u00fccksspezialit\u00e4ten, warmen Gerichten und saisonalen K\u00f6stlichkeiten. Unser Osterbrunch vereint klassische Fr\u00fchst\u00fccksangebote mit feinen Speisen aus der K\u00fcche der Schlosswirtschaft. Frische Zutaten, liebevoll zubereitete Gerichte und eine entspannte Atmosph\u00e4re schaffen den perfekten [&hellip;]\" \/>\n<meta property=\"og:url\" content=\"https:\/\/staging.1ace.eu\/en\/product\/osterbrunch\/\" \/>\n<meta property=\"og:site_name\" content=\"Schlosswirtschaft Schleissheim\" \/>\n<meta property=\"article:modified_time\" content=\"2026-03-18T21:25:39+00:00\" \/>\n<meta property=\"og:image\" content=\"https:\/\/staging.1ace.eu\/wp-content\/uploads\/2026\/03\/hf_20260311_235312_b63b832d-5c18-4735-b138-52689fa82deb-scaled.jpeg\" \/>\n\t<meta property=\"og:image:width\" content=\"2560\" \/>\n\t<meta property=\"og:image:height\" content=\"2560\" \/>\n\t<meta property=\"og:image:type\" content=\"image\/jpeg\" \/>\n<meta name=\"twitter:card\" content=\"summary_large_image\" \/>\n<meta name=\"twitter:label1\" content=\"Est. reading time\" \/>\n\t<meta name=\"twitter:data1\" content=\"1 minute\" \/>\n<script type=\"application\/ld+json\" class=\"yoast-schema-graph\">{\"@context\":\"https:\/\/schema.org\",\"@graph\":[{\"@type\":\"WebPage\",\"@id\":\"https:\/\/staging.1ace.eu\/produkt\/osterbrunch\/\",\"url\":\"https:\/\/staging.1ace.eu\/produkt\/osterbrunch\/\",\"name\":\"Osterbrunch am 06.04.26 - Schlosswirtschaft Schleissheim\",\"isPartOf\":{\"@id\":\"https:\/\/staging.1ace.eu\/#website\"},\"primaryImageOfPage\":{\"@id\":\"https:\/\/staging.1ace.eu\/produkt\/osterbrunch\/#primaryimage\"},\"image\":{\"@id\":\"https:\/\/staging.1ace.eu\/produkt\/osterbrunch\/#primaryimage\"},\"thumbnailUrl\":\"https:\/\/staging.1ace.eu\/wp-content\/uploads\/2026\/03\/hf_20260311_235312_b63b832d-5c18-4735-b138-52689fa82deb-scaled.jpeg\",\"datePublished\":\"2026-03-09T17:23:34+00:00\",\"dateModified\":\"2026-03-18T21:25:39+00:00\",\"breadcrumb\":{\"@id\":\"https:\/\/staging.1ace.eu\/produkt\/osterbrunch\/#breadcrumb\"},\"inLanguage\":\"en-US\",\"potentialAction\":[{\"@type\":\"ReadAction\",\"target\":[\"https:\/\/staging.1ace.eu\/produkt\/osterbrunch\/\"]}]},{\"@type\":\"ImageObject\",\"inLanguage\":\"en-US\",\"@id\":\"https:\/\/staging.1ace.eu\/produkt\/osterbrunch\/#primaryimage\",\"url\":\"https:\/\/staging.1ace.eu\/wp-content\/uploads\/2026\/03\/hf_20260311_235312_b63b832d-5c18-4735-b138-52689fa82deb-scaled.jpeg\",\"contentUrl\":\"https:\/\/staging.1ace.eu\/wp-content\/uploads\/2026\/03\/hf_20260311_235312_b63b832d-5c18-4735-b138-52689fa82deb-scaled.jpeg\",\"width\":1920,\"height\":1920},{\"@type\":\"BreadcrumbList\",\"@id\":\"https:\/\/staging.1ace.eu\/produkt\/osterbrunch\/#breadcrumb\",\"itemListElement\":[{\"@type\":\"ListItem\",\"position\":1,\"name\":\"Start\",\"item\":\"https:\/\/staging.1ace.eu\/\"},{\"@type\":\"ListItem\",\"position\":2,\"name\":\"Shop\",\"item\":\"https:\/\/staging.1ace.eu\/shop\/\"},{\"@type\":\"ListItem\",\"position\":3,\"name\":\"Osterbrunch am 06.04.26\"}]},{\"@type\":\"WebSite\",\"@id\":\"https:\/\/staging.1ace.eu\/#website\",\"url\":\"https:\/\/staging.1ace.eu\/\",\"name\":\"Schlosswirtschaft Schleissheim\",\"description\":\"Seit 1901\",\"publisher\":{\"@id\":\"https:\/\/staging.1ace.eu\/#organization\"},\"potentialAction\":[{\"@type\":\"SearchAction\",\"target\":{\"@type\":\"EntryPoint\",\"urlTemplate\":\"https:\/\/staging.1ace.eu\/?s={search_term_string}\"},\"query-input\":{\"@type\":\"PropertyValueSpecification\",\"valueRequired\":true,\"valueName\":\"search_term_string\"}}],\"inLanguage\":\"en-US\"},{\"@type\":\"Organization\",\"@id\":\"https:\/\/staging.1ace.eu\/#organization\",\"name\":\"Schlosswirtschaft Schleissheim\",\"url\":\"https:\/\/staging.1ace.eu\/\",\"logo\":{\"@type\":\"ImageObject\",\"inLanguage\":\"en-US\",\"@id\":\"https:\/\/staging.1ace.eu\/#\/schema\/logo\/image\/\",\"url\":\"https:\/\/staging.1ace.eu\/wp-content\/uploads\/2026\/03\/cropped-SchlosswirtschaftLogo.png\",\"contentUrl\":\"https:\/\/staging.1ace.eu\/wp-content\/uploads\/2026\/03\/cropped-SchlosswirtschaftLogo.png\",\"width\":342,\"height\":211,\"caption\":\"Schlosswirtschaft Schleissheim\"},\"image\":{\"@id\":\"https:\/\/staging.1ace.eu\/#\/schema\/logo\/image\/\"}}]}<\/script>\n<!-- \/ Yoast SEO plugin. -->","yoast_head_json":{"title":"Osterbrunch am 06.04.26 - Schlosswirtschaft Schleissheim","robots":{"index":"index","follow":"follow","max-snippet":"max-snippet:-1","max-image-preview":"max-image-preview:large","max-video-preview":"max-video-preview:-1"},"canonical":"https:\/\/staging.1ace.eu\/en\/product\/osterbrunch\/","og_locale":"en_US","og_type":"article","og_title":"Osterbrunch am 06.04.26 - Schlosswirtschaft Schleissheim","og_description":"Ostern genie\u00dfen in der Schlosswirtschaft Feiern Sie Ostern mit einem genussvollen Brunch in der Schlosswirtschaft Schlei\u00dfheim. Freuen Sie sich auf eine vielf\u00e4ltige Auswahl aus Fr\u00fchst\u00fccksspezialit\u00e4ten, warmen Gerichten und saisonalen K\u00f6stlichkeiten. Unser Osterbrunch vereint klassische Fr\u00fchst\u00fccksangebote mit feinen Speisen aus der K\u00fcche der Schlosswirtschaft. Frische Zutaten, liebevoll zubereitete Gerichte und eine entspannte Atmosph\u00e4re schaffen den perfekten [&hellip;]","og_url":"https:\/\/staging.1ace.eu\/en\/product\/osterbrunch\/","og_site_name":"Schlosswirtschaft Schleissheim","article_modified_time":"2026-03-18T21:25:39+00:00","og_image":[{"width":2560,"height":2560,"url":"https:\/\/staging.1ace.eu\/wp-content\/uploads\/2026\/03\/hf_20260311_235312_b63b832d-5c18-4735-b138-52689fa82deb-scaled.jpeg","type":"image\/jpeg"}],"twitter_card":"summary_large_image","twitter_misc":{"Est. reading time":"1 minute"},"schema":{"@context":"https:\/\/schema.org","@graph":[{"@type":"WebPage","@id":"https:\/\/staging.1ace.eu\/produkt\/osterbrunch\/","url":"https:\/\/staging.1ace.eu\/produkt\/osterbrunch\/","name":"Osterbrunch am 06.04.26 - Schlosswirtschaft Schleissheim","isPartOf":{"@id":"https:\/\/staging.1ace.eu\/#website"},"primaryImageOfPage":{"@id":"https:\/\/staging.1ace.eu\/produkt\/osterbrunch\/#primaryimage"},"image":{"@id":"https:\/\/staging.1ace.eu\/produkt\/osterbrunch\/#primaryimage"},"thumbnailUrl":"https:\/\/staging.1ace.eu\/wp-content\/uploads\/2026\/03\/hf_20260311_235312_b63b832d-5c18-4735-b138-52689fa82deb-scaled.jpeg","datePublished":"2026-03-09T17:23:34+00:00","dateModified":"2026-03-18T21:25:39+00:00","breadcrumb":{"@id":"https:\/\/staging.1ace.eu\/produkt\/osterbrunch\/#breadcrumb"},"inLanguage":"en-US","potentialAction":[{"@type":"ReadAction","target":["https:\/\/staging.1ace.eu\/produkt\/osterbrunch\/"]}]},{"@type":"ImageObject","inLanguage":"en-US","@id":"https:\/\/staging.1ace.eu\/produkt\/osterbrunch\/#primaryimage","url":"https:\/\/staging.1ace.eu\/wp-content\/uploads\/2026\/03\/hf_20260311_235312_b63b832d-5c18-4735-b138-52689fa82deb-scaled.jpeg","contentUrl":"https:\/\/staging.1ace.eu\/wp-content\/uploads\/2026\/03\/hf_20260311_235312_b63b832d-5c18-4735-b138-52689fa82deb-scaled.jpeg","width":1920,"height":1920},{"@type":"BreadcrumbList","@id":"https:\/\/staging.1ace.eu\/produkt\/osterbrunch\/#breadcrumb","itemListElement":[{"@type":"ListItem","position":1,"name":"Start","item":"https:\/\/staging.1ace.eu\/"},{"@type":"ListItem","position":2,"name":"Shop","item":"https:\/\/staging.1ace.eu\/shop\/"},{"@type":"ListItem","position":3,"name":"Osterbrunch am 06.04.26"}]},{"@type":"WebSite","@id":"https:\/\/staging.1ace.eu\/#website","url":"https:\/\/staging.1ace.eu\/","name":"Schlosswirtschaft Schleissheim","description":"Seit 1901","publisher":{"@id":"https:\/\/staging.1ace.eu\/#organization"},"potentialAction":[{"@type":"SearchAction","target":{"@type":"EntryPoint","urlTemplate":"https:\/\/staging.1ace.eu\/?s={search_term_string}"},"query-input":{"@type":"PropertyValueSpecification","valueRequired":true,"valueName":"search_term_string"}}],"inLanguage":"en-US"},{"@type":"Organization","@id":"https:\/\/staging.1ace.eu\/#organization","name":"Schlosswirtschaft Schleissheim","url":"https:\/\/staging.1ace.eu\/","logo":{"@type":"ImageObject","inLanguage":"en-US","@id":"https:\/\/staging.1ace.eu\/#\/schema\/logo\/image\/","url":"https:\/\/staging.1ace.eu\/wp-content\/uploads\/2026\/03\/cropped-SchlosswirtschaftLogo.png","contentUrl":"https:\/\/staging.1ace.eu\/wp-content\/uploads\/2026\/03\/cropped-SchlosswirtschaftLogo.png","width":342,"height":211,"caption":"Schlosswirtschaft Schleissheim"},"image":{"@id":"https:\/\/staging.1ace.eu\/#\/schema\/logo\/image\/"}}]}},"jetpack_sharing_enabled":true,"_links":{"self":[{"href":"https:\/\/staging.1ace.eu\/en\/wp-json\/wp\/v2\/product\/10396","targetHints":{"allow":["GET"]}}],"collection":[{"href":"https:\/\/staging.1ace.eu\/en\/wp-json\/wp\/v2\/product"}],"about":[{"href":"https:\/\/staging.1ace.eu\/en\/wp-json\/wp\/v2\/types\/product"}],"wp:featuredmedia":[{"embeddable":true,"href":"https:\/\/staging.1ace.eu\/en\/wp-json\/wp\/v2\/media\/10769"}],"wp:attachment":[{"href":"https:\/\/staging.1ace.eu\/en\/wp-json\/wp\/v2\/media?parent=10396"}],"wp:term":[{"taxonomy":"product_brand","embeddable":true,"href":"https:\/\/staging.1ace.eu\/en\/wp-json\/wp\/v2\/product_brand?post=10396"},{"taxonomy":"product_cat","embeddable":true,"href":"https:\/\/staging.1ace.eu\/en\/wp-json\/wp\/v2\/product_cat?post=10396"},{"taxonomy":"product_tag","embeddable":true,"href":"https:\/\/staging.1ace.eu\/en\/wp-json\/wp\/v2\/product_tag?post=10396"}],"curies":[{"name":"wp","href":"https:\/\/api.w.org\/{rel}","templated":true}]}}