{"id":10397,"date":"2026-03-09T17:26:13","date_gmt":"2026-03-09T17:26:13","guid":{"rendered":"https:\/\/staging.1ace.eu\/?post_type=product&#038;p=10397"},"modified":"2026-03-18T23:38:46","modified_gmt":"2026-03-18T23:38:46","slug":"wittelsbacherdinner","status":"publish","type":"product","link":"https:\/\/staging.1ace.eu\/en\/product\/wittelsbacherdinner\/","title":{"rendered":"Wittelsbacher Dinner 19.04.26"},"content":{"rendered":"<p data-start=\"1926\" data-end=\"1991\"><strong data-start=\"1926\" data-end=\"1991\">Ein kulinarischer Abend inspiriert von der Geschichte Bayerns<\/strong><\/p>\n<p data-start=\"1993\" data-end=\"2219\">Das Wittelsbacher Dinner ist eine Hommage an die traditionsreiche Geschichte der Region rund um Schloss Schlei\u00dfheim. In stilvollem Ambiente servieren wir ein besonderes Men\u00fc, das regionale Zutaten mit moderner K\u00fcche verbindet.<\/p>\n<p data-start=\"2221\" data-end=\"2434\">Jeder Gang ist inspiriert von der kulinarischen Tradition Bayerns und wird mit viel Liebe zum Detail zubereitet. Die historische Umgebung der Schlosswirtschaft verleiht diesem Abend eine ganz besondere Atmosph\u00e4re.<\/p>\n<p data-start=\"2436\" data-end=\"2541\">Ein genussvoller Abend f\u00fcr alle, die gutes Essen, Geschichte und ein au\u00dfergew\u00f6hnliches Ambiente sch\u00e4tzen.<\/p>\n<p data-start=\"2543\" data-end=\"2557\"><strong data-start=\"2543\" data-end=\"2557\">Leistungen<\/strong><\/p>\n<p data-start=\"2559\" data-end=\"2681\">\u2022 Mehrg\u00e4ngiges Men\u00fc<br data-start=\"2578\" data-end=\"2581\" \/>\u2022 Regionale Spezialit\u00e4ten<br data-start=\"2606\" data-end=\"2609\" \/>\u2022 Kulinarischer Themenabend<br data-start=\"2636\" data-end=\"2639\" \/>\u2022 Dinner in historischer Schlossatmosph\u00e4re<\/p>","protected":false},"excerpt":{"rendered":"<p>Ein kulinarischer Abend inspiriert von der Geschichte Bayerns Das Wittelsbacher Dinner ist eine Hommage an die traditionsreiche Geschichte der Region rund um Schloss Schlei\u00dfheim. In stilvollem Ambiente servieren wir ein besonderes Men\u00fc, das regionale Zutaten mit moderner K\u00fcche verbindet. Jeder Gang ist inspiriert von der kulinarischen Tradition Bayerns und wird mit viel Liebe zum Detail [&hellip;]<\/p>\n","protected":false},"featured_media":10787,"template":"","meta":[],"product_brand":[],"product_cat":[29],"product_tag":[],"class_list":{"0":"post-10397","1":"product","2":"type-product","3":"status-publish","4":"has-post-thumbnail","6":"product_cat-unkategorisiert","8":"first","9":"instock","10":"downloadable","11":"virtual","12":"taxable","13":"purchasable","14":"product-type-simple"},"yoast_head":"<!-- This site is optimized with the Yoast SEO plugin v27.2 - https:\/\/yoast.com\/product\/yoast-seo-wordpress\/ -->\n<title>Wittelsbacher Dinner 19.04.26 - Schlosswirtschaft Schleissheim<\/title>\n<meta name=\"robots\" content=\"index, follow, max-snippet:-1, max-image-preview:large, max-video-preview:-1\" \/>\n<link rel=\"canonical\" href=\"https:\/\/staging.1ace.eu\/en\/product\/wittelsbacherdinner\/\" \/>\n<meta property=\"og:locale\" content=\"en_US\" \/>\n<meta property=\"og:type\" content=\"article\" \/>\n<meta property=\"og:title\" content=\"Wittelsbacher Dinner 19.04.26 - Schlosswirtschaft Schleissheim\" \/>\n<meta property=\"og:description\" content=\"Ein kulinarischer Abend inspiriert von der Geschichte Bayerns Das Wittelsbacher Dinner ist eine Hommage an die traditionsreiche Geschichte der Region rund um Schloss Schlei\u00dfheim. In stilvollem Ambiente servieren wir ein besonderes Men\u00fc, das regionale Zutaten mit moderner K\u00fcche verbindet. Jeder Gang ist inspiriert von der kulinarischen Tradition Bayerns und wird mit viel Liebe zum Detail [&hellip;]\" \/>\n<meta property=\"og:url\" content=\"https:\/\/staging.1ace.eu\/en\/product\/wittelsbacherdinner\/\" \/>\n<meta property=\"og:site_name\" content=\"Schlosswirtschaft Schleissheim\" \/>\n<meta property=\"article:modified_time\" content=\"2026-03-18T23:38:46+00:00\" \/>\n<meta property=\"og:image\" content=\"https:\/\/staging.1ace.eu\/wp-content\/uploads\/2026\/03\/hf_20260312_024717_656c9991-3a2e-4d77-bb16-71e2084340c1-1-scaled.jpeg\" \/>\n\t<meta property=\"og:image:width\" content=\"2560\" \/>\n\t<meta property=\"og:image:height\" content=\"2560\" \/>\n\t<meta property=\"og:image:type\" content=\"image\/jpeg\" \/>\n<meta name=\"twitter:card\" content=\"summary_large_image\" \/>\n<meta name=\"twitter:label1\" content=\"Est. reading time\" \/>\n\t<meta name=\"twitter:data1\" content=\"1 minute\" \/>\n<script type=\"application\/ld+json\" class=\"yoast-schema-graph\">{\"@context\":\"https:\/\/schema.org\",\"@graph\":[{\"@type\":\"WebPage\",\"@id\":\"https:\/\/staging.1ace.eu\/produkt\/wittelsbacherdinner\/\",\"url\":\"https:\/\/staging.1ace.eu\/produkt\/wittelsbacherdinner\/\",\"name\":\"Wittelsbacher Dinner 19.04.26 - Schlosswirtschaft Schleissheim\",\"isPartOf\":{\"@id\":\"https:\/\/staging.1ace.eu\/#website\"},\"primaryImageOfPage\":{\"@id\":\"https:\/\/staging.1ace.eu\/produkt\/wittelsbacherdinner\/#primaryimage\"},\"image\":{\"@id\":\"https:\/\/staging.1ace.eu\/produkt\/wittelsbacherdinner\/#primaryimage\"},\"thumbnailUrl\":\"https:\/\/staging.1ace.eu\/wp-content\/uploads\/2026\/03\/hf_20260312_024717_656c9991-3a2e-4d77-bb16-71e2084340c1-1-scaled.jpeg\",\"datePublished\":\"2026-03-09T17:26:13+00:00\",\"dateModified\":\"2026-03-18T23:38:46+00:00\",\"breadcrumb\":{\"@id\":\"https:\/\/staging.1ace.eu\/produkt\/wittelsbacherdinner\/#breadcrumb\"},\"inLanguage\":\"en-US\",\"potentialAction\":[{\"@type\":\"ReadAction\",\"target\":[\"https:\/\/staging.1ace.eu\/produkt\/wittelsbacherdinner\/\"]}]},{\"@type\":\"ImageObject\",\"inLanguage\":\"en-US\",\"@id\":\"https:\/\/staging.1ace.eu\/produkt\/wittelsbacherdinner\/#primaryimage\",\"url\":\"https:\/\/staging.1ace.eu\/wp-content\/uploads\/2026\/03\/hf_20260312_024717_656c9991-3a2e-4d77-bb16-71e2084340c1-1-scaled.jpeg\",\"contentUrl\":\"https:\/\/staging.1ace.eu\/wp-content\/uploads\/2026\/03\/hf_20260312_024717_656c9991-3a2e-4d77-bb16-71e2084340c1-1-scaled.jpeg\",\"width\":1920,\"height\":1920},{\"@type\":\"BreadcrumbList\",\"@id\":\"https:\/\/staging.1ace.eu\/produkt\/wittelsbacherdinner\/#breadcrumb\",\"itemListElement\":[{\"@type\":\"ListItem\",\"position\":1,\"name\":\"Start\",\"item\":\"https:\/\/staging.1ace.eu\/\"},{\"@type\":\"ListItem\",\"position\":2,\"name\":\"Shop\",\"item\":\"https:\/\/staging.1ace.eu\/shop\/\"},{\"@type\":\"ListItem\",\"position\":3,\"name\":\"Wittelsbacher Dinner 19.04.26\"}]},{\"@type\":\"WebSite\",\"@id\":\"https:\/\/staging.1ace.eu\/#website\",\"url\":\"https:\/\/staging.1ace.eu\/\",\"name\":\"Schlosswirtschaft Schleissheim\",\"description\":\"Seit 1901\",\"publisher\":{\"@id\":\"https:\/\/staging.1ace.eu\/#organization\"},\"potentialAction\":[{\"@type\":\"SearchAction\",\"target\":{\"@type\":\"EntryPoint\",\"urlTemplate\":\"https:\/\/staging.1ace.eu\/?s={search_term_string}\"},\"query-input\":{\"@type\":\"PropertyValueSpecification\",\"valueRequired\":true,\"valueName\":\"search_term_string\"}}],\"inLanguage\":\"en-US\"},{\"@type\":\"Organization\",\"@id\":\"https:\/\/staging.1ace.eu\/#organization\",\"name\":\"Schlosswirtschaft Schleissheim\",\"url\":\"https:\/\/staging.1ace.eu\/\",\"logo\":{\"@type\":\"ImageObject\",\"inLanguage\":\"en-US\",\"@id\":\"https:\/\/staging.1ace.eu\/#\/schema\/logo\/image\/\",\"url\":\"https:\/\/staging.1ace.eu\/wp-content\/uploads\/2026\/03\/cropped-SchlosswirtschaftLogo.png\",\"contentUrl\":\"https:\/\/staging.1ace.eu\/wp-content\/uploads\/2026\/03\/cropped-SchlosswirtschaftLogo.png\",\"width\":342,\"height\":211,\"caption\":\"Schlosswirtschaft Schleissheim\"},\"image\":{\"@id\":\"https:\/\/staging.1ace.eu\/#\/schema\/logo\/image\/\"}}]}<\/script>\n<!-- \/ Yoast SEO plugin. -->","yoast_head_json":{"title":"Wittelsbacher Dinner 19.04.26 - Schlosswirtschaft Schleissheim","robots":{"index":"index","follow":"follow","max-snippet":"max-snippet:-1","max-image-preview":"max-image-preview:large","max-video-preview":"max-video-preview:-1"},"canonical":"https:\/\/staging.1ace.eu\/en\/product\/wittelsbacherdinner\/","og_locale":"en_US","og_type":"article","og_title":"Wittelsbacher Dinner 19.04.26 - Schlosswirtschaft Schleissheim","og_description":"Ein kulinarischer Abend inspiriert von der Geschichte Bayerns Das Wittelsbacher Dinner ist eine Hommage an die traditionsreiche Geschichte der Region rund um Schloss Schlei\u00dfheim. In stilvollem Ambiente servieren wir ein besonderes Men\u00fc, das regionale Zutaten mit moderner K\u00fcche verbindet. Jeder Gang ist inspiriert von der kulinarischen Tradition Bayerns und wird mit viel Liebe zum Detail [&hellip;]","og_url":"https:\/\/staging.1ace.eu\/en\/product\/wittelsbacherdinner\/","og_site_name":"Schlosswirtschaft Schleissheim","article_modified_time":"2026-03-18T23:38:46+00:00","og_image":[{"width":2560,"height":2560,"url":"https:\/\/staging.1ace.eu\/wp-content\/uploads\/2026\/03\/hf_20260312_024717_656c9991-3a2e-4d77-bb16-71e2084340c1-1-scaled.jpeg","type":"image\/jpeg"}],"twitter_card":"summary_large_image","twitter_misc":{"Est. reading time":"1 minute"},"schema":{"@context":"https:\/\/schema.org","@graph":[{"@type":"WebPage","@id":"https:\/\/staging.1ace.eu\/produkt\/wittelsbacherdinner\/","url":"https:\/\/staging.1ace.eu\/produkt\/wittelsbacherdinner\/","name":"Wittelsbacher Dinner 19.04.26 - Schlosswirtschaft Schleissheim","isPartOf":{"@id":"https:\/\/staging.1ace.eu\/#website"},"primaryImageOfPage":{"@id":"https:\/\/staging.1ace.eu\/produkt\/wittelsbacherdinner\/#primaryimage"},"image":{"@id":"https:\/\/staging.1ace.eu\/produkt\/wittelsbacherdinner\/#primaryimage"},"thumbnailUrl":"https:\/\/staging.1ace.eu\/wp-content\/uploads\/2026\/03\/hf_20260312_024717_656c9991-3a2e-4d77-bb16-71e2084340c1-1-scaled.jpeg","datePublished":"2026-03-09T17:26:13+00:00","dateModified":"2026-03-18T23:38:46+00:00","breadcrumb":{"@id":"https:\/\/staging.1ace.eu\/produkt\/wittelsbacherdinner\/#breadcrumb"},"inLanguage":"en-US","potentialAction":[{"@type":"ReadAction","target":["https:\/\/staging.1ace.eu\/produkt\/wittelsbacherdinner\/"]}]},{"@type":"ImageObject","inLanguage":"en-US","@id":"https:\/\/staging.1ace.eu\/produkt\/wittelsbacherdinner\/#primaryimage","url":"https:\/\/staging.1ace.eu\/wp-content\/uploads\/2026\/03\/hf_20260312_024717_656c9991-3a2e-4d77-bb16-71e2084340c1-1-scaled.jpeg","contentUrl":"https:\/\/staging.1ace.eu\/wp-content\/uploads\/2026\/03\/hf_20260312_024717_656c9991-3a2e-4d77-bb16-71e2084340c1-1-scaled.jpeg","width":1920,"height":1920},{"@type":"BreadcrumbList","@id":"https:\/\/staging.1ace.eu\/produkt\/wittelsbacherdinner\/#breadcrumb","itemListElement":[{"@type":"ListItem","position":1,"name":"Start","item":"https:\/\/staging.1ace.eu\/"},{"@type":"ListItem","position":2,"name":"Shop","item":"https:\/\/staging.1ace.eu\/shop\/"},{"@type":"ListItem","position":3,"name":"Wittelsbacher Dinner 19.04.26"}]},{"@type":"WebSite","@id":"https:\/\/staging.1ace.eu\/#website","url":"https:\/\/staging.1ace.eu\/","name":"Schlosswirtschaft Schleissheim","description":"Seit 1901","publisher":{"@id":"https:\/\/staging.1ace.eu\/#organization"},"potentialAction":[{"@type":"SearchAction","target":{"@type":"EntryPoint","urlTemplate":"https:\/\/staging.1ace.eu\/?s={search_term_string}"},"query-input":{"@type":"PropertyValueSpecification","valueRequired":true,"valueName":"search_term_string"}}],"inLanguage":"en-US"},{"@type":"Organization","@id":"https:\/\/staging.1ace.eu\/#organization","name":"Schlosswirtschaft Schleissheim","url":"https:\/\/staging.1ace.eu\/","logo":{"@type":"ImageObject","inLanguage":"en-US","@id":"https:\/\/staging.1ace.eu\/#\/schema\/logo\/image\/","url":"https:\/\/staging.1ace.eu\/wp-content\/uploads\/2026\/03\/cropped-SchlosswirtschaftLogo.png","contentUrl":"https:\/\/staging.1ace.eu\/wp-content\/uploads\/2026\/03\/cropped-SchlosswirtschaftLogo.png","width":342,"height":211,"caption":"Schlosswirtschaft Schleissheim"},"image":{"@id":"https:\/\/staging.1ace.eu\/#\/schema\/logo\/image\/"}}]}},"jetpack_sharing_enabled":true,"_links":{"self":[{"href":"https:\/\/staging.1ace.eu\/en\/wp-json\/wp\/v2\/product\/10397","targetHints":{"allow":["GET"]}}],"collection":[{"href":"https:\/\/staging.1ace.eu\/en\/wp-json\/wp\/v2\/product"}],"about":[{"href":"https:\/\/staging.1ace.eu\/en\/wp-json\/wp\/v2\/types\/product"}],"wp:featuredmedia":[{"embeddable":true,"href":"https:\/\/staging.1ace.eu\/en\/wp-json\/wp\/v2\/media\/10787"}],"wp:attachment":[{"href":"https:\/\/staging.1ace.eu\/en\/wp-json\/wp\/v2\/media?parent=10397"}],"wp:term":[{"taxonomy":"product_brand","embeddable":true,"href":"https:\/\/staging.1ace.eu\/en\/wp-json\/wp\/v2\/product_brand?post=10397"},{"taxonomy":"product_cat","embeddable":true,"href":"https:\/\/staging.1ace.eu\/en\/wp-json\/wp\/v2\/product_cat?post=10397"},{"taxonomy":"product_tag","embeddable":true,"href":"https:\/\/staging.1ace.eu\/en\/wp-json\/wp\/v2\/product_tag?post=10397"}],"curies":[{"name":"wp","href":"https:\/\/api.w.org\/{rel}","templated":true}]}}