{"id":10398,"date":"2026-03-09T17:30:09","date_gmt":"2026-03-09T17:30:09","guid":{"rendered":"https:\/\/staging.1ace.eu\/?post_type=product&#038;p=10398"},"modified":"2026-04-04T10:04:28","modified_gmt":"2026-04-04T10:04:28","slug":"dineandwine","status":"publish","type":"product","link":"https:\/\/staging.1ace.eu\/en\/product\/dineandwine\/","title":{"rendered":"Dine &#038; Wine \u2013 Sattlerhof am 23.04.26"},"content":{"rendered":"<p data-start=\"2717\" data-end=\"2749\"><strong data-start=\"2717\" data-end=\"2749\">Kulinarik trifft gro\u00dfe Weine<\/strong><\/p>\n<p data-start=\"2751\" data-end=\"2942\">Ein Abend f\u00fcr echte Genie\u00dfer: Beim Dine &amp; Wine in der Schlosswirtschaft Schlei\u00dfheim erwartet Sie ein mehrg\u00e4ngiges Men\u00fc, begleitet von ausgew\u00e4hlten Weinen des renommierten Weinguts Sattlerhof.<\/p>\n<p data-start=\"2944\" data-end=\"3141\">Zu jedem Gang werden perfekt abgestimmte Weine serviert, die das Men\u00fc geschmacklich erg\u00e4nzen und neue Aromen erlebbar machen. Zwischen den G\u00e4ngen erfahren Sie mehr \u00fcber die Weine und ihre Herkunft.<\/p>\n<p data-start=\"3143\" data-end=\"3259\">Ein besonderer Abend f\u00fcr alle, die hochwertige K\u00fcche und exzellente Weine in stilvoller Atmosph\u00e4re genie\u00dfen m\u00f6chten.<\/p>\n<p data-start=\"3261\" data-end=\"3275\"><strong data-start=\"3261\" data-end=\"3275\">Leistungen<\/strong><\/p>\n<p data-start=\"3277\" data-end=\"3406\">\u2022 Mehrg\u00e4ngiges Men\u00fc<br data-start=\"3296\" data-end=\"3299\" \/>\u2022 Weinbegleitung des Weinguts Sattlerhof<br data-start=\"3339\" data-end=\"3342\" \/>\u2022 Vorstellung der Weine<br data-start=\"3365\" data-end=\"3368\" \/>\u2022 Genussabend in der Schlosswirtschaft<\/p>","protected":false},"excerpt":{"rendered":"<p>Kulinarik trifft gro\u00dfe Weine Ein Abend f\u00fcr echte Genie\u00dfer: Beim Dine &amp; Wine in der Schlosswirtschaft Schlei\u00dfheim erwartet Sie ein mehrg\u00e4ngiges Men\u00fc, begleitet von ausgew\u00e4hlten Weinen des renommierten Weinguts Sattlerhof. Zu jedem Gang werden perfekt abgestimmte Weine serviert, die das Men\u00fc geschmacklich erg\u00e4nzen und neue Aromen erlebbar machen. Zwischen den G\u00e4ngen erfahren Sie mehr \u00fcber [&hellip;]<\/p>\n","protected":false},"featured_media":10782,"template":"","meta":[],"product_brand":[],"product_cat":[29],"product_tag":[],"class_list":{"0":"post-10398","1":"product","2":"type-product","3":"status-publish","4":"has-post-thumbnail","6":"product_cat-unkategorisiert","8":"first","9":"instock","10":"downloadable","11":"virtual","12":"taxable","13":"purchasable","14":"product-type-simple"},"yoast_head":"<!-- This site is optimized with the Yoast SEO plugin v27.2 - https:\/\/yoast.com\/product\/yoast-seo-wordpress\/ -->\n<title>Dine &amp; Wine \u2013 Sattlerhof am 23.04.26 - Schlosswirtschaft Schleissheim<\/title>\n<meta name=\"description\" content=\"Genie\u00dfe einen besonderen Abend in der Schlosswirtschaft Schlei\u00dfheim: Wine &amp; Dine mit abgestimmten Weinen, feinen G\u00e4ngen und einzigartiger Atmosph\u00e4re.\" \/>\n<meta name=\"robots\" content=\"index, follow, max-snippet:-1, max-image-preview:large, max-video-preview:-1\" \/>\n<link rel=\"canonical\" href=\"https:\/\/staging.1ace.eu\/en\/product\/dineandwine\/\" \/>\n<meta property=\"og:locale\" content=\"en_US\" \/>\n<meta property=\"og:type\" content=\"article\" \/>\n<meta property=\"og:title\" content=\"Dine &amp; Wine \u2013 Sattlerhof am 23.04.26 - Schlosswirtschaft Schleissheim\" \/>\n<meta property=\"og:description\" content=\"Genie\u00dfe einen besonderen Abend in der Schlosswirtschaft Schlei\u00dfheim: Wine &amp; Dine mit abgestimmten Weinen, feinen G\u00e4ngen und einzigartiger Atmosph\u00e4re.\" \/>\n<meta property=\"og:url\" content=\"https:\/\/staging.1ace.eu\/en\/product\/dineandwine\/\" \/>\n<meta property=\"og:site_name\" content=\"Schlosswirtschaft Schleissheim\" \/>\n<meta property=\"article:modified_time\" content=\"2026-04-04T10:04:28+00:00\" \/>\n<meta property=\"og:image\" content=\"https:\/\/staging.1ace.eu\/wp-content\/uploads\/2026\/03\/hf_20260312_023114_d98ca3b4-dc4e-4500-84ce-bb4be4b12fbb-scaled.jpeg\" \/>\n\t<meta property=\"og:image:width\" content=\"1920\" \/>\n\t<meta property=\"og:image:height\" content=\"1920\" \/>\n\t<meta property=\"og:image:type\" content=\"image\/jpeg\" \/>\n<meta name=\"twitter:card\" content=\"summary_large_image\" \/>\n<meta name=\"twitter:label1\" content=\"Est. reading time\" \/>\n\t<meta name=\"twitter:data1\" content=\"1 minute\" \/>\n<script type=\"application\/ld+json\" class=\"yoast-schema-graph\">{\"@context\":\"https:\/\/schema.org\",\"@graph\":[{\"@type\":\"WebPage\",\"@id\":\"https:\/\/staging.1ace.eu\/produkt\/dineandwine\/\",\"url\":\"https:\/\/staging.1ace.eu\/produkt\/dineandwine\/\",\"name\":\"Dine & Wine \u2013 Sattlerhof am 23.04.26 - Schlosswirtschaft Schleissheim\",\"isPartOf\":{\"@id\":\"https:\/\/staging.1ace.eu\/#website\"},\"primaryImageOfPage\":{\"@id\":\"https:\/\/staging.1ace.eu\/produkt\/dineandwine\/#primaryimage\"},\"image\":{\"@id\":\"https:\/\/staging.1ace.eu\/produkt\/dineandwine\/#primaryimage\"},\"thumbnailUrl\":\"https:\/\/staging.1ace.eu\/wp-content\/uploads\/2026\/03\/hf_20260312_023114_d98ca3b4-dc4e-4500-84ce-bb4be4b12fbb-scaled.jpeg\",\"datePublished\":\"2026-03-09T17:30:09+00:00\",\"dateModified\":\"2026-04-04T10:04:28+00:00\",\"description\":\"Genie\u00dfe einen besonderen Abend in der Schlosswirtschaft Schlei\u00dfheim: Wine & Dine mit abgestimmten Weinen, feinen G\u00e4ngen und einzigartiger Atmosph\u00e4re.\",\"breadcrumb\":{\"@id\":\"https:\/\/staging.1ace.eu\/produkt\/dineandwine\/#breadcrumb\"},\"inLanguage\":\"en-US\",\"potentialAction\":[{\"@type\":\"ReadAction\",\"target\":[\"https:\/\/staging.1ace.eu\/produkt\/dineandwine\/\"]}]},{\"@type\":\"ImageObject\",\"inLanguage\":\"en-US\",\"@id\":\"https:\/\/staging.1ace.eu\/produkt\/dineandwine\/#primaryimage\",\"url\":\"https:\/\/staging.1ace.eu\/wp-content\/uploads\/2026\/03\/hf_20260312_023114_d98ca3b4-dc4e-4500-84ce-bb4be4b12fbb-scaled.jpeg\",\"contentUrl\":\"https:\/\/staging.1ace.eu\/wp-content\/uploads\/2026\/03\/hf_20260312_023114_d98ca3b4-dc4e-4500-84ce-bb4be4b12fbb-scaled.jpeg\",\"width\":1920,\"height\":1920},{\"@type\":\"BreadcrumbList\",\"@id\":\"https:\/\/staging.1ace.eu\/produkt\/dineandwine\/#breadcrumb\",\"itemListElement\":[{\"@type\":\"ListItem\",\"position\":1,\"name\":\"Start\",\"item\":\"https:\/\/staging.1ace.eu\/\"},{\"@type\":\"ListItem\",\"position\":2,\"name\":\"Shop\",\"item\":\"https:\/\/staging.1ace.eu\/shop\/\"},{\"@type\":\"ListItem\",\"position\":3,\"name\":\"Dine &#038; Wine \u2013 Sattlerhof am 23.04.26\"}]},{\"@type\":\"WebSite\",\"@id\":\"https:\/\/staging.1ace.eu\/#website\",\"url\":\"https:\/\/staging.1ace.eu\/\",\"name\":\"Schlosswirtschaft Schleissheim\",\"description\":\"Seit 1901\",\"publisher\":{\"@id\":\"https:\/\/staging.1ace.eu\/#organization\"},\"potentialAction\":[{\"@type\":\"SearchAction\",\"target\":{\"@type\":\"EntryPoint\",\"urlTemplate\":\"https:\/\/staging.1ace.eu\/?s={search_term_string}\"},\"query-input\":{\"@type\":\"PropertyValueSpecification\",\"valueRequired\":true,\"valueName\":\"search_term_string\"}}],\"inLanguage\":\"en-US\"},{\"@type\":\"Organization\",\"@id\":\"https:\/\/staging.1ace.eu\/#organization\",\"name\":\"Schlosswirtschaft Schleissheim\",\"url\":\"https:\/\/staging.1ace.eu\/\",\"logo\":{\"@type\":\"ImageObject\",\"inLanguage\":\"en-US\",\"@id\":\"https:\/\/staging.1ace.eu\/#\/schema\/logo\/image\/\",\"url\":\"https:\/\/staging.1ace.eu\/wp-content\/uploads\/2026\/03\/cropped-SchlosswirtschaftLogo.png\",\"contentUrl\":\"https:\/\/staging.1ace.eu\/wp-content\/uploads\/2026\/03\/cropped-SchlosswirtschaftLogo.png\",\"width\":342,\"height\":211,\"caption\":\"Schlosswirtschaft Schleissheim\"},\"image\":{\"@id\":\"https:\/\/staging.1ace.eu\/#\/schema\/logo\/image\/\"}}]}<\/script>\n<!-- \/ Yoast SEO plugin. -->","yoast_head_json":{"title":"Dine & Wine \u2013 Sattlerhof am 23.04.26 - Schlosswirtschaft Schleissheim","description":"Genie\u00dfe einen besonderen Abend in der Schlosswirtschaft Schlei\u00dfheim: Wine & Dine mit abgestimmten Weinen, feinen G\u00e4ngen und einzigartiger Atmosph\u00e4re.","robots":{"index":"index","follow":"follow","max-snippet":"max-snippet:-1","max-image-preview":"max-image-preview:large","max-video-preview":"max-video-preview:-1"},"canonical":"https:\/\/staging.1ace.eu\/en\/product\/dineandwine\/","og_locale":"en_US","og_type":"article","og_title":"Dine & Wine \u2013 Sattlerhof am 23.04.26 - Schlosswirtschaft Schleissheim","og_description":"Genie\u00dfe einen besonderen Abend in der Schlosswirtschaft Schlei\u00dfheim: Wine & Dine mit abgestimmten Weinen, feinen G\u00e4ngen und einzigartiger Atmosph\u00e4re.","og_url":"https:\/\/staging.1ace.eu\/en\/product\/dineandwine\/","og_site_name":"Schlosswirtschaft Schleissheim","article_modified_time":"2026-04-04T10:04:28+00:00","og_image":[{"width":1920,"height":1920,"url":"https:\/\/staging.1ace.eu\/wp-content\/uploads\/2026\/03\/hf_20260312_023114_d98ca3b4-dc4e-4500-84ce-bb4be4b12fbb-scaled.jpeg","type":"image\/jpeg"}],"twitter_card":"summary_large_image","twitter_misc":{"Est. reading time":"1 minute"},"schema":{"@context":"https:\/\/schema.org","@graph":[{"@type":"WebPage","@id":"https:\/\/staging.1ace.eu\/produkt\/dineandwine\/","url":"https:\/\/staging.1ace.eu\/produkt\/dineandwine\/","name":"Dine & Wine \u2013 Sattlerhof am 23.04.26 - Schlosswirtschaft Schleissheim","isPartOf":{"@id":"https:\/\/staging.1ace.eu\/#website"},"primaryImageOfPage":{"@id":"https:\/\/staging.1ace.eu\/produkt\/dineandwine\/#primaryimage"},"image":{"@id":"https:\/\/staging.1ace.eu\/produkt\/dineandwine\/#primaryimage"},"thumbnailUrl":"https:\/\/staging.1ace.eu\/wp-content\/uploads\/2026\/03\/hf_20260312_023114_d98ca3b4-dc4e-4500-84ce-bb4be4b12fbb-scaled.jpeg","datePublished":"2026-03-09T17:30:09+00:00","dateModified":"2026-04-04T10:04:28+00:00","description":"Genie\u00dfe einen besonderen Abend in der Schlosswirtschaft Schlei\u00dfheim: Wine & Dine mit abgestimmten Weinen, feinen G\u00e4ngen und einzigartiger Atmosph\u00e4re.","breadcrumb":{"@id":"https:\/\/staging.1ace.eu\/produkt\/dineandwine\/#breadcrumb"},"inLanguage":"en-US","potentialAction":[{"@type":"ReadAction","target":["https:\/\/staging.1ace.eu\/produkt\/dineandwine\/"]}]},{"@type":"ImageObject","inLanguage":"en-US","@id":"https:\/\/staging.1ace.eu\/produkt\/dineandwine\/#primaryimage","url":"https:\/\/staging.1ace.eu\/wp-content\/uploads\/2026\/03\/hf_20260312_023114_d98ca3b4-dc4e-4500-84ce-bb4be4b12fbb-scaled.jpeg","contentUrl":"https:\/\/staging.1ace.eu\/wp-content\/uploads\/2026\/03\/hf_20260312_023114_d98ca3b4-dc4e-4500-84ce-bb4be4b12fbb-scaled.jpeg","width":1920,"height":1920},{"@type":"BreadcrumbList","@id":"https:\/\/staging.1ace.eu\/produkt\/dineandwine\/#breadcrumb","itemListElement":[{"@type":"ListItem","position":1,"name":"Start","item":"https:\/\/staging.1ace.eu\/"},{"@type":"ListItem","position":2,"name":"Shop","item":"https:\/\/staging.1ace.eu\/shop\/"},{"@type":"ListItem","position":3,"name":"Dine &#038; Wine \u2013 Sattlerhof am 23.04.26"}]},{"@type":"WebSite","@id":"https:\/\/staging.1ace.eu\/#website","url":"https:\/\/staging.1ace.eu\/","name":"Schlosswirtschaft Schleissheim","description":"Seit 1901","publisher":{"@id":"https:\/\/staging.1ace.eu\/#organization"},"potentialAction":[{"@type":"SearchAction","target":{"@type":"EntryPoint","urlTemplate":"https:\/\/staging.1ace.eu\/?s={search_term_string}"},"query-input":{"@type":"PropertyValueSpecification","valueRequired":true,"valueName":"search_term_string"}}],"inLanguage":"en-US"},{"@type":"Organization","@id":"https:\/\/staging.1ace.eu\/#organization","name":"Schlosswirtschaft Schleissheim","url":"https:\/\/staging.1ace.eu\/","logo":{"@type":"ImageObject","inLanguage":"en-US","@id":"https:\/\/staging.1ace.eu\/#\/schema\/logo\/image\/","url":"https:\/\/staging.1ace.eu\/wp-content\/uploads\/2026\/03\/cropped-SchlosswirtschaftLogo.png","contentUrl":"https:\/\/staging.1ace.eu\/wp-content\/uploads\/2026\/03\/cropped-SchlosswirtschaftLogo.png","width":342,"height":211,"caption":"Schlosswirtschaft Schleissheim"},"image":{"@id":"https:\/\/staging.1ace.eu\/#\/schema\/logo\/image\/"}}]}},"jetpack_sharing_enabled":true,"_links":{"self":[{"href":"https:\/\/staging.1ace.eu\/en\/wp-json\/wp\/v2\/product\/10398","targetHints":{"allow":["GET"]}}],"collection":[{"href":"https:\/\/staging.1ace.eu\/en\/wp-json\/wp\/v2\/product"}],"about":[{"href":"https:\/\/staging.1ace.eu\/en\/wp-json\/wp\/v2\/types\/product"}],"wp:featuredmedia":[{"embeddable":true,"href":"https:\/\/staging.1ace.eu\/en\/wp-json\/wp\/v2\/media\/10782"}],"wp:attachment":[{"href":"https:\/\/staging.1ace.eu\/en\/wp-json\/wp\/v2\/media?parent=10398"}],"wp:term":[{"taxonomy":"product_brand","embeddable":true,"href":"https:\/\/staging.1ace.eu\/en\/wp-json\/wp\/v2\/product_brand?post=10398"},{"taxonomy":"product_cat","embeddable":true,"href":"https:\/\/staging.1ace.eu\/en\/wp-json\/wp\/v2\/product_cat?post=10398"},{"taxonomy":"product_tag","embeddable":true,"href":"https:\/\/staging.1ace.eu\/en\/wp-json\/wp\/v2\/product_tag?post=10398"}],"curies":[{"name":"wp","href":"https:\/\/api.w.org\/{rel}","templated":true}]}}